{"id":11443,"date":"2021-08-26T14:54:11","date_gmt":"2021-08-26T14:54:11","guid":{"rendered":"https:\/\/licoresdemallorca.com\/producto\/taroncello\/"},"modified":"2024-06-14T09:53:46","modified_gmt":"2024-06-14T09:53:46","slug":"taroncello","status":"publish","type":"product","link":"https:\/\/licoresdemallorca.com\/fr\/producto\/taroncello\/","title":{"rendered":"Taroncello de Mallorca"},"content":{"rendered":"<p>&nbsp;<\/p>\n<p>&nbsp;<\/p>\n<p>&nbsp;<\/p>\n","protected":false},"excerpt":{"rendered":"<p><strong>Liqueur d&rsquo;orange artisanale produite \u00e0 Majorque.<\/strong><\/p>\n<p><strong>100% naturelle et biologique.<\/strong><\/p>\n<p>Fabriqu\u00e9e avec des oranges biologiques cueillies \u00e0 la main dans la vall\u00e9e de S\u00f3ller.<\/p>\n<p>Mac\u00e9ration et distillation \u00e0 Majorque.<\/p>\n<p><strong>Ingredients:<\/strong>\u00a0Eau, alcool*, sucre*, oranges de S\u00f3ller* (*\u00e9cologique).<\/p>\n<p>Conserver au frais et \u00e0 l&rsquo;abri de la lumi\u00e8re.<\/p>\n<p>Servir tr\u00e8s froid.<\/p>\n<p>Apr\u00e8s ouverture, il est pr\u00e9f\u00e9rable de le placer au r\u00e9frig\u00e9rateur.<\/p>\n<p><strong>Volume:<\/strong> 50 cl<\/p>\n<p>30% vol.<\/p>\n<p><em>Un d\u00e9p\u00f4t naturel peut \u00eatre pr\u00e9sent dans le goulot de la bouteille mais cela n&rsquo;alt\u00e8re en rien la qualit\u00e9 et le go\u00fbt du produit.<\/em><\/p>\n","protected":false},"featured_media":11075,"template":"","meta":[],"product_cat":[118],"product_tag":[],"class_list":["post-11443","product","type-product","status-publish","has-post-thumbnail","hentry","product_cat-licores-de-mallorca-fr"],"yoast_head":"<!-- This site is optimized with the Yoast SEO plugin v20.10 - https:\/\/yoast.com\/wordpress\/plugins\/seo\/ -->\n<title>Liqueur d&#039;orange de Soller | Taroncello | LICORES DE MALLORCA<\/title>\n<meta name=\"robots\" content=\"index, follow, max-snippet:-1, max-image-preview:large, max-video-preview:-1\" \/>\n<link rel=\"canonical\" href=\"https:\/\/licoresdemallorca.com\/fr\/producto\/taroncello\/\" \/>\n<meta property=\"og:locale\" content=\"fr_FR\" \/>\n<meta property=\"og:type\" content=\"article\" \/>\n<meta property=\"og:title\" content=\"Liqueur d&#039;orange de Soller | Taroncello | LICORES DE MALLORCA\" \/>\n<meta property=\"og:description\" content=\"Liqueur d&#039;orange artisanale produite \u00e0 Majorque.  100% naturelle et biologique.  Fabriqu\u00e9e avec des oranges biologiques cueillies \u00e0 la main dans la vall\u00e9e de S\u00f3ller.  Mac\u00e9ration et distillation \u00e0 Majorque.  Ingredients:\u00a0Eau, alcool*, sucre*, oranges de S\u00f3ller* (*\u00e9cologique).  Conserver au frais et \u00e0 l&#039;abri de la lumi\u00e8re.  Servir tr\u00e8s froid.  Apr\u00e8s ouverture, il est pr\u00e9f\u00e9rable de le placer au r\u00e9frig\u00e9rateur.  Volume: 50 cl  30% vol.  Un d\u00e9p\u00f4t naturel peut \u00eatre pr\u00e9sent dans le goulot de la bouteille mais cela n&#039;alt\u00e8re en rien la qualit\u00e9 et le go\u00fbt du produit.\" \/>\n<meta property=\"og:url\" content=\"https:\/\/licoresdemallorca.com\/fr\/producto\/taroncello\/\" \/>\n<meta property=\"og:site_name\" content=\"Licores de Mallorca\" \/>\n<meta property=\"article:modified_time\" content=\"2024-06-14T09:53:46+00:00\" \/>\n<meta property=\"og:image\" content=\"https:\/\/licoresdemallorca.com\/wp-content\/uploads\/2021\/08\/taroncello-licordemallorca.jpg\" \/>\n\t<meta property=\"og:image:width\" content=\"700\" \/>\n\t<meta property=\"og:image:height\" content=\"800\" \/>\n\t<meta property=\"og:image:type\" content=\"image\/jpeg\" \/>\n<meta name=\"twitter:card\" content=\"summary_large_image\" \/>\n<script type=\"application\/ld+json\" class=\"yoast-schema-graph\">{\"@context\":\"https:\/\/schema.org\",\"@graph\":[{\"@type\":\"WebPage\",\"@id\":\"https:\/\/licoresdemallorca.com\/fr\/producto\/taroncello\/\",\"url\":\"https:\/\/licoresdemallorca.com\/fr\/producto\/taroncello\/\",\"name\":\"Liqueur d'orange de Soller | Taroncello | LICORES DE MALLORCA\",\"isPartOf\":{\"@id\":\"https:\/\/licoresdemallorca.com\/fr\/#website\"},\"datePublished\":\"2021-08-26T14:54:11+00:00\",\"dateModified\":\"2024-06-14T09:53:46+00:00\",\"breadcrumb\":{\"@id\":\"https:\/\/licoresdemallorca.com\/fr\/producto\/taroncello\/#breadcrumb\"},\"inLanguage\":\"fr-FR\",\"potentialAction\":[{\"@type\":\"ReadAction\",\"target\":[\"https:\/\/licoresdemallorca.com\/fr\/producto\/taroncello\/\"]}]},{\"@type\":\"BreadcrumbList\",\"@id\":\"https:\/\/licoresdemallorca.com\/fr\/producto\/taroncello\/#breadcrumb\",\"itemListElement\":[{\"@type\":\"ListItem\",\"position\":1,\"name\":\"Portada\",\"item\":\"https:\/\/licoresdemallorca.com\/fr\/\"},{\"@type\":\"ListItem\",\"position\":2,\"name\":\"Boutique\",\"item\":\"https:\/\/licoresdemallorca.com\/fr\/boutique\/\"},{\"@type\":\"ListItem\",\"position\":3,\"name\":\"Taroncello de Mallorca\"}]},{\"@type\":\"WebSite\",\"@id\":\"https:\/\/licoresdemallorca.com\/fr\/#website\",\"url\":\"https:\/\/licoresdemallorca.com\/fr\/\",\"name\":\"Licores de Mallorca\",\"description\":\"Llimoncello de Mallorca - Ecol\u00f3gico\",\"potentialAction\":[{\"@type\":\"SearchAction\",\"target\":{\"@type\":\"EntryPoint\",\"urlTemplate\":\"https:\/\/licoresdemallorca.com\/fr\/?s={search_term_string}\"},\"query-input\":\"required name=search_term_string\"}],\"inLanguage\":\"fr-FR\"}]}<\/script>\n<!-- \/ Yoast SEO plugin. -->","yoast_head_json":{"title":"Liqueur d'orange de Soller | Taroncello | LICORES DE MALLORCA","robots":{"index":"index","follow":"follow","max-snippet":"max-snippet:-1","max-image-preview":"max-image-preview:large","max-video-preview":"max-video-preview:-1"},"canonical":"https:\/\/licoresdemallorca.com\/fr\/producto\/taroncello\/","og_locale":"fr_FR","og_type":"article","og_title":"Liqueur d'orange de Soller | Taroncello | LICORES DE MALLORCA","og_description":"Liqueur d'orange artisanale produite \u00e0 Majorque.  100% naturelle et biologique.  Fabriqu\u00e9e avec des oranges biologiques cueillies \u00e0 la main dans la vall\u00e9e de S\u00f3ller.  Mac\u00e9ration et distillation \u00e0 Majorque.  Ingredients:\u00a0Eau, alcool*, sucre*, oranges de S\u00f3ller* (*\u00e9cologique).  Conserver au frais et \u00e0 l'abri de la lumi\u00e8re.  Servir tr\u00e8s froid.  Apr\u00e8s ouverture, il est pr\u00e9f\u00e9rable de le placer au r\u00e9frig\u00e9rateur.  Volume: 50 cl  30% vol.  Un d\u00e9p\u00f4t naturel peut \u00eatre pr\u00e9sent dans le goulot de la bouteille mais cela n'alt\u00e8re en rien la qualit\u00e9 et le go\u00fbt du produit.","og_url":"https:\/\/licoresdemallorca.com\/fr\/producto\/taroncello\/","og_site_name":"Licores de Mallorca","article_modified_time":"2024-06-14T09:53:46+00:00","og_image":[{"width":700,"height":800,"url":"https:\/\/licoresdemallorca.com\/wp-content\/uploads\/2021\/08\/taroncello-licordemallorca.jpg","type":"image\/jpeg"}],"twitter_card":"summary_large_image","schema":{"@context":"https:\/\/schema.org","@graph":[{"@type":"WebPage","@id":"https:\/\/licoresdemallorca.com\/fr\/producto\/taroncello\/","url":"https:\/\/licoresdemallorca.com\/fr\/producto\/taroncello\/","name":"Liqueur d'orange de Soller | Taroncello | LICORES DE MALLORCA","isPartOf":{"@id":"https:\/\/licoresdemallorca.com\/fr\/#website"},"datePublished":"2021-08-26T14:54:11+00:00","dateModified":"2024-06-14T09:53:46+00:00","breadcrumb":{"@id":"https:\/\/licoresdemallorca.com\/fr\/producto\/taroncello\/#breadcrumb"},"inLanguage":"fr-FR","potentialAction":[{"@type":"ReadAction","target":["https:\/\/licoresdemallorca.com\/fr\/producto\/taroncello\/"]}]},{"@type":"BreadcrumbList","@id":"https:\/\/licoresdemallorca.com\/fr\/producto\/taroncello\/#breadcrumb","itemListElement":[{"@type":"ListItem","position":1,"name":"Portada","item":"https:\/\/licoresdemallorca.com\/fr\/"},{"@type":"ListItem","position":2,"name":"Boutique","item":"https:\/\/licoresdemallorca.com\/fr\/boutique\/"},{"@type":"ListItem","position":3,"name":"Taroncello de Mallorca"}]},{"@type":"WebSite","@id":"https:\/\/licoresdemallorca.com\/fr\/#website","url":"https:\/\/licoresdemallorca.com\/fr\/","name":"Licores de Mallorca","description":"Llimoncello de Mallorca - Ecol\u00f3gico","potentialAction":[{"@type":"SearchAction","target":{"@type":"EntryPoint","urlTemplate":"https:\/\/licoresdemallorca.com\/fr\/?s={search_term_string}"},"query-input":"required name=search_term_string"}],"inLanguage":"fr-FR"}]}},"_links":{"self":[{"href":"https:\/\/licoresdemallorca.com\/fr\/wp-json\/wp\/v2\/product\/11443","targetHints":{"allow":["GET"]}}],"collection":[{"href":"https:\/\/licoresdemallorca.com\/fr\/wp-json\/wp\/v2\/product"}],"about":[{"href":"https:\/\/licoresdemallorca.com\/fr\/wp-json\/wp\/v2\/types\/product"}],"version-history":[{"count":2,"href":"https:\/\/licoresdemallorca.com\/fr\/wp-json\/wp\/v2\/product\/11443\/revisions"}],"predecessor-version":[{"id":11450,"href":"https:\/\/licoresdemallorca.com\/fr\/wp-json\/wp\/v2\/product\/11443\/revisions\/11450"}],"wp:featuredmedia":[{"embeddable":true,"href":"https:\/\/licoresdemallorca.com\/fr\/wp-json\/wp\/v2\/media\/11075"}],"wp:attachment":[{"href":"https:\/\/licoresdemallorca.com\/fr\/wp-json\/wp\/v2\/media?parent=11443"}],"wp:term":[{"taxonomy":"product_cat","embeddable":true,"href":"https:\/\/licoresdemallorca.com\/fr\/wp-json\/wp\/v2\/product_cat?post=11443"},{"taxonomy":"product_tag","embeddable":true,"href":"https:\/\/licoresdemallorca.com\/fr\/wp-json\/wp\/v2\/product_tag?post=11443"}],"curies":[{"name":"wp","href":"https:\/\/api.w.org\/{rel}","templated":true}]}}