{"id":11220,"date":"2022-05-27T09:28:28","date_gmt":"2022-05-27T09:28:28","guid":{"rendered":"https:\/\/licoresdemallorca.com\/filosofia\/"},"modified":"2024-06-21T11:40:52","modified_gmt":"2024-06-21T11:40:52","slug":"philosophie","status":"publish","type":"page","link":"https:\/\/licoresdemallorca.com\/fr\/philosophie\/","title":{"rendered":"Philosophie"},"content":{"rendered":"\t\t<div data-elementor-type=\"wp-page\" data-elementor-id=\"11220\" class=\"elementor elementor-11220 elementor-9499\">\n\t\t\t\t\t\t\t\t\t<section class=\"elementor-section elementor-top-section elementor-element elementor-element-56243e0f wd-section-stretch-content elementor-section-content-middle elementor-section-boxed elementor-section-height-default elementor-section-height-default\" data-id=\"56243e0f\" data-element_type=\"section\" data-settings=\"{&quot;background_background&quot;:&quot;classic&quot;}\">\n\t\t\t\t\t\t\t<div class=\"elementor-background-overlay\"><\/div>\n\t\t\t\t\t\t\t<div class=\"elementor-container elementor-column-gap-no\">\n\t\t\t\t\t<div class=\"elementor-column elementor-col-50 elementor-top-column elementor-element elementor-element-ba46b6e\" data-id=\"ba46b6e\" data-element_type=\"column\" data-settings=\"{&quot;background_background&quot;:&quot;classic&quot;}\">\n\t\t\t<div class=\"elementor-widget-wrap\">\n\t\t\t\t\t\t\t\t\t<\/div>\n\t\t<\/div>\n\t\t\t\t<div class=\"elementor-column elementor-col-50 elementor-top-column elementor-element elementor-element-347c9755 color-scheme-light\" data-id=\"347c9755\" data-element_type=\"column\" data-settings=\"{&quot;background_background&quot;:&quot;classic&quot;}\">\n\t\t\t<div class=\"elementor-widget-wrap elementor-element-populated\">\n\t\t\t\t\t<div class=\"elementor-background-overlay\"><\/div>\n\t\t\t\t\t\t\t\t<div class=\"elementor-element elementor-element-47e0093 elementor-widget elementor-widget-heading\" data-id=\"47e0093\" data-element_type=\"widget\" data-widget_type=\"heading.default\">\n\t\t\t\t<div class=\"elementor-widget-container\">\n\t\t\t<style>\/*! elementor - v3.14.0 - 26-06-2023 *\/\n.elementor-heading-title{padding:0;margin:0;line-height:1}.elementor-widget-heading .elementor-heading-title[class*=elementor-size-]>a{color:inherit;font-size:inherit;line-height:inherit}.elementor-widget-heading .elementor-heading-title.elementor-size-small{font-size:15px}.elementor-widget-heading .elementor-heading-title.elementor-size-medium{font-size:19px}.elementor-widget-heading .elementor-heading-title.elementor-size-large{font-size:29px}.elementor-widget-heading .elementor-heading-title.elementor-size-xl{font-size:39px}.elementor-widget-heading .elementor-heading-title.elementor-size-xxl{font-size:59px}<\/style><div class=\"elementor-heading-title elementor-size-default\">Philosophie<\/div>\t\t<\/div>\n\t\t\t\t<\/div>\n\t\t\t\t<div class=\"elementor-element elementor-element-954b976 elementor-widget elementor-widget-heading\" data-id=\"954b976\" data-element_type=\"widget\" data-widget_type=\"heading.default\">\n\t\t\t\t<div class=\"elementor-widget-container\">\n\t\t\t<div class=\"elementor-heading-title elementor-size-default\">Liqueur de citron et d'orange S\u00f3ller<\/div>\t\t<\/div>\n\t\t\t\t<\/div>\n\t\t\t\t<div class=\"elementor-element elementor-element-a531fae elementor-widget-divider--view-line elementor-widget elementor-widget-divider\" data-id=\"a531fae\" data-element_type=\"widget\" data-widget_type=\"divider.default\">\n\t\t\t\t<div class=\"elementor-widget-container\">\n\t\t\t<style>\/*! elementor - v3.14.0 - 26-06-2023 *\/\n.elementor-widget-divider{--divider-border-style:none;--divider-border-width:1px;--divider-color:#0c0d0e;--divider-icon-size:20px;--divider-element-spacing:10px;--divider-pattern-height:24px;--divider-pattern-size:20px;--divider-pattern-url:none;--divider-pattern-repeat:repeat-x}.elementor-widget-divider .elementor-divider{display:flex}.elementor-widget-divider .elementor-divider__text{font-size:15px;line-height:1;max-width:95%}.elementor-widget-divider .elementor-divider__element{margin:0 var(--divider-element-spacing);flex-shrink:0}.elementor-widget-divider .elementor-icon{font-size:var(--divider-icon-size)}.elementor-widget-divider .elementor-divider-separator{display:flex;margin:0;direction:ltr}.elementor-widget-divider--view-line_icon .elementor-divider-separator,.elementor-widget-divider--view-line_text .elementor-divider-separator{align-items:center}.elementor-widget-divider--view-line_icon .elementor-divider-separator:after,.elementor-widget-divider--view-line_icon .elementor-divider-separator:before,.elementor-widget-divider--view-line_text .elementor-divider-separator:after,.elementor-widget-divider--view-line_text .elementor-divider-separator:before{display:block;content:\"\";border-bottom:0;flex-grow:1;border-top:var(--divider-border-width) var(--divider-border-style) var(--divider-color)}.elementor-widget-divider--element-align-left .elementor-divider .elementor-divider-separator>.elementor-divider__svg:first-of-type{flex-grow:0;flex-shrink:100}.elementor-widget-divider--element-align-left .elementor-divider-separator:before{content:none}.elementor-widget-divider--element-align-left .elementor-divider__element{margin-left:0}.elementor-widget-divider--element-align-right .elementor-divider .elementor-divider-separator>.elementor-divider__svg:last-of-type{flex-grow:0;flex-shrink:100}.elementor-widget-divider--element-align-right .elementor-divider-separator:after{content:none}.elementor-widget-divider--element-align-right .elementor-divider__element{margin-right:0}.elementor-widget-divider:not(.elementor-widget-divider--view-line_text):not(.elementor-widget-divider--view-line_icon) .elementor-divider-separator{border-top:var(--divider-border-width) var(--divider-border-style) var(--divider-color)}.elementor-widget-divider--separator-type-pattern{--divider-border-style:none}.elementor-widget-divider--separator-type-pattern.elementor-widget-divider--view-line .elementor-divider-separator,.elementor-widget-divider--separator-type-pattern:not(.elementor-widget-divider--view-line) .elementor-divider-separator:after,.elementor-widget-divider--separator-type-pattern:not(.elementor-widget-divider--view-line) .elementor-divider-separator:before,.elementor-widget-divider--separator-type-pattern:not([class*=elementor-widget-divider--view]) .elementor-divider-separator{width:100%;min-height:var(--divider-pattern-height);-webkit-mask-size:var(--divider-pattern-size) 100%;mask-size:var(--divider-pattern-size) 100%;-webkit-mask-repeat:var(--divider-pattern-repeat);mask-repeat:var(--divider-pattern-repeat);background-color:var(--divider-color);-webkit-mask-image:var(--divider-pattern-url);mask-image:var(--divider-pattern-url)}.elementor-widget-divider--no-spacing{--divider-pattern-size:auto}.elementor-widget-divider--bg-round{--divider-pattern-repeat:round}.rtl .elementor-widget-divider .elementor-divider__text{direction:rtl}.e-con-inner>.elementor-widget-divider,.e-con>.elementor-widget-divider{width:var(--container-widget-width,100%);--flex-grow:var(--container-widget-flex-grow)}<\/style>\t\t<div class=\"elementor-divider\">\n\t\t\t<span class=\"elementor-divider-separator\">\n\t\t\t\t\t\t<\/span>\n\t\t<\/div>\n\t\t\t\t<\/div>\n\t\t\t\t<\/div>\n\t\t\t\t<div class=\"elementor-element elementor-element-13f4a78 elementor-widget elementor-widget-spacer\" data-id=\"13f4a78\" data-element_type=\"widget\" data-widget_type=\"spacer.default\">\n\t\t\t\t<div class=\"elementor-widget-container\">\n\t\t\t<style>\/*! elementor - v3.14.0 - 26-06-2023 *\/\n.elementor-column .elementor-spacer-inner{height:var(--spacer-size)}.e-con{--container-widget-width:100%}.e-con-inner>.elementor-widget-spacer,.e-con>.elementor-widget-spacer{width:var(--container-widget-width,var(--spacer-size));--align-self:var(--container-widget-align-self,initial);--flex-shrink:0}.e-con-inner>.elementor-widget-spacer>.elementor-widget-container,.e-con-inner>.elementor-widget-spacer>.elementor-widget-container>.elementor-spacer,.e-con>.elementor-widget-spacer>.elementor-widget-container,.e-con>.elementor-widget-spacer>.elementor-widget-container>.elementor-spacer{height:100%}.e-con-inner>.elementor-widget-spacer>.elementor-widget-container>.elementor-spacer>.elementor-spacer-inner,.e-con>.elementor-widget-spacer>.elementor-widget-container>.elementor-spacer>.elementor-spacer-inner{height:var(--container-widget-height,var(--spacer-size))}<\/style>\t\t<div class=\"elementor-spacer\">\n\t\t\t<div class=\"elementor-spacer-inner\"><\/div>\n\t\t<\/div>\n\t\t\t\t<\/div>\n\t\t\t\t<\/div>\n\t\t\t\t<div class=\"elementor-element elementor-element-0abafc4 elementor-widget elementor-widget-wd_text_block\" data-id=\"0abafc4\" data-element_type=\"widget\" data-widget_type=\"wd_text_block.default\">\n\t\t\t\t<div class=\"elementor-widget-container\">\n\t\t\t\t\t<div class=\"wd-text-block reset-last-child text-left color-scheme-light\">\n\t\t\t\n\t\t\t<p>Nous travaillons sur ce projet depuis l'\u00e9t\u00e9 2021, en testant diff\u00e9rentes recettes. Aujourd'hui, chaque bouteille est la mise en valeur du patrimoine d'un village majorquin et de notre philosophie de travail. Notre point commun est de r\u00e9v\u00e9ler ce terroir unique plant\u00e9 de citronniers et d'orangers, et d'obtenir toutes les saveurs et les \u00e9quilibres attendus. Nous avons soign\u00e9 tous les d\u00e9tails : d'abord la s\u00e9lection des citrons et des oranges et la qualit\u00e9 des \u00e9corces, ensuite la dur\u00e9e de la mac\u00e9ration dans l'alcool biologique et enfin le m\u00e9lange proportionnel de sucre biologique et d'eau.<\/p><p>Au-del\u00e0 du savoir-faire, chaque bouteille raconte une histoire et rend hommage aux g\u00e9n\u00e9rations pr\u00e9c\u00e9dentes qui ont travaill\u00e9 dur pour cultiver les agrumes et les commercialiser en France par bateau au cours des si\u00e8cles pass\u00e9s. Avec le choix typique de la bouteille et de l'\u00e9tiquette, nous voulions qu'elle soit reconnaissable par tout amateur de vin. Notre marque Licores de Mallorca a son propre esprit, bien identifi\u00e9. Nous trois, amoureux des liqueurs, privil\u00e9gions la qualit\u00e9 \u00e0 la quantit\u00e9, pour \u00e9veiller en vous l'envie, la curiosit\u00e9 et le plaisir de d\u00e9guster notre Llimoncello et notre Taroncello de Mallorca.<\/p>\n\t\t\t\t\t<\/div>\n\t\t\t\t<\/div>\n\t\t\t\t<\/div>\n\t\t\t\t<div class=\"elementor-element elementor-element-3f20c1b elementor-widget elementor-widget-spacer\" data-id=\"3f20c1b\" data-element_type=\"widget\" data-widget_type=\"spacer.default\">\n\t\t\t\t<div class=\"elementor-widget-container\">\n\t\t\t\t\t<div class=\"elementor-spacer\">\n\t\t\t<div class=\"elementor-spacer-inner\"><\/div>\n\t\t<\/div>\n\t\t\t\t<\/div>\n\t\t\t\t<\/div>\n\t\t\t\t<div class=\"elementor-element elementor-element-e586d27 elementor-widget__width-auto elementor-widget elementor-widget-wd_image_or_svg\" data-id=\"e586d27\" data-element_type=\"widget\" data-widget_type=\"wd_image_or_svg.default\">\n\t\t\t\t<div class=\"elementor-widget-container\">\n\t\t\t\n\t\t<div class=\"wd-image text-left\">\n\t\t\t\t\t\t\t\t<img decoding=\"async\"  src=\"https:\/\/licoresdemallorca.com\/wp-content\/uploads\/2022\/05\/sello-mallorca.svg\" title=\"sello-mallorca\" width=\"100\">\t\t\t\t\t<\/div>\n\n\t\t\t\t<\/div>\n\t\t\t\t<\/div>\n\t\t\t\t<div class=\"elementor-element elementor-element-1eed495 elementor-widget elementor-widget-spacer\" data-id=\"1eed495\" data-element_type=\"widget\" data-widget_type=\"spacer.default\">\n\t\t\t\t<div class=\"elementor-widget-container\">\n\t\t\t\t\t<div class=\"elementor-spacer\">\n\t\t\t<div class=\"elementor-spacer-inner\"><\/div>\n\t\t<\/div>\n\t\t\t\t<\/div>\n\t\t\t\t<\/div>\n\t\t\t\t<div class=\"elementor-element elementor-element-523abae elementor-widget__width-auto elementor-widget elementor-widget-wd_button\" data-id=\"523abae\" data-element_type=\"widget\" data-widget_type=\"wd_button.default\">\n\t\t\t\t<div class=\"elementor-widget-container\">\n\t\t\t\t\t<div class=\"wd-button-wrapper text-center\" >\n\t\t\t<a class=\"btn btn-style-default btn-style-rectangle btn-size-default btn-color-white btn-icon-pos-left\"  href=\"http:\/\/licoresdemallorca.com\/contacto\/\">\n\t\t\t\t<span class=\"wd-btn-text\" data-elementor-setting-key=\"text\">\n\t\t\t\t\tCONTACT\t\t\t\t<\/span>\n\n\t\t\t\t\t\t\t\t\t<span class=\"wd-btn-icon\">\n\t\t\t\t\t\t<span class=\"wd-icon far fa-envelope\"><\/span>\t\t\t\t\t<\/span>\n\t\t\t\t\t\t\t<\/a>\n\t\t<\/div>\n\t\t\t\t<\/div>\n\t\t\t\t<\/div>\n\t\t\t\t<div class=\"elementor-element elementor-element-63a5c7c elementor-widget__width-auto elementor-widget elementor-widget-wd_button\" data-id=\"63a5c7c\" data-element_type=\"widget\" data-widget_type=\"wd_button.default\">\n\t\t\t\t<div class=\"elementor-widget-container\">\n\t\t\t\t\t<div class=\"wd-button-wrapper text-center\" >\n\t\t\t<a class=\"btn btn-style-default btn-style-rectangle btn-size-default btn-color-alt btn-icon-pos-left\"  href=\"https:\/\/licoresdemallorca.com\/fr\/boutique\">\n\t\t\t\t<span class=\"wd-btn-text\" data-elementor-setting-key=\"text\">\n\t\t\t\t\tACHETER\t\t\t\t<\/span>\n\n\t\t\t\t\t\t\t\t\t<span class=\"wd-btn-icon\">\n\t\t\t\t\t\t<span class=\"wd-icon fas fa-shopping-cart\"><\/span>\t\t\t\t\t<\/span>\n\t\t\t\t\t\t\t<\/a>\n\t\t<\/div>\n\t\t\t\t<\/div>\n\t\t\t\t<\/div>\n\t\t\t\t<div class=\"elementor-element elementor-element-01ab9b6 elementor-widget elementor-widget-spacer\" data-id=\"01ab9b6\" data-element_type=\"widget\" data-widget_type=\"spacer.default\">\n\t\t\t\t<div class=\"elementor-widget-container\">\n\t\t\t\t\t<div class=\"elementor-spacer\">\n\t\t\t<div class=\"elementor-spacer-inner\"><\/div>\n\t\t<\/div>\n\t\t\t\t<\/div>\n\t\t\t\t<\/div>\n\t\t\t\t\t<\/div>\n\t\t<\/div>\n\t\t\t\t\t\t\t<\/div>\n\t\t<\/section>\n\t\t\t\t\t\t\t<\/div>\n\t\t","protected":false},"excerpt":{"rendered":"<p>Philosophie Liqueur de citron et d&rsquo;orange S\u00f3ller Nous travaillons sur ce projet depuis l&rsquo;\u00e9t\u00e9 2021, en testant diff\u00e9rentes recettes. Aujourd&rsquo;hui,<\/p>\n","protected":false},"author":1,"featured_media":0,"parent":0,"menu_order":0,"comment_status":"closed","ping_status":"closed","template":"","meta":{"footnotes":""},"class_list":["post-11220","page","type-page","status-publish","hentry"],"yoast_head":"<!-- This site is optimized with the Yoast SEO plugin v20.10 - https:\/\/yoast.com\/wordpress\/plugins\/seo\/ -->\n<title>Notre Philosophie | LICORES DE MALLORCA<\/title>\n<meta name=\"robots\" content=\"index, follow, max-snippet:-1, max-image-preview:large, max-video-preview:-1\" \/>\n<link rel=\"canonical\" href=\"https:\/\/licoresdemallorca.com\/fr\/philosophie\/\" \/>\n<meta property=\"og:locale\" content=\"fr_FR\" \/>\n<meta property=\"og:type\" content=\"article\" \/>\n<meta property=\"og:title\" content=\"Notre Philosophie | LICORES DE MALLORCA\" \/>\n<meta property=\"og:description\" content=\"Philosophie Liqueur de citron et d&rsquo;orange S\u00f3ller Nous travaillons sur ce projet depuis l&rsquo;\u00e9t\u00e9 2021, en testant diff\u00e9rentes recettes. Aujourd&rsquo;hui,\" \/>\n<meta property=\"og:url\" content=\"https:\/\/licoresdemallorca.com\/fr\/philosophie\/\" \/>\n<meta property=\"og:site_name\" content=\"Licores de Mallorca\" \/>\n<meta property=\"article:modified_time\" content=\"2024-06-21T11:40:52+00:00\" \/>\n<meta property=\"og:image\" content=\"https:\/\/licoresdemallorca.com\/wp-content\/uploads\/2022\/05\/sello-mallorca.svg\" \/>\n<meta name=\"twitter:card\" content=\"summary_large_image\" \/>\n<meta name=\"twitter:label1\" content=\"Dur\u00e9e de lecture estim\u00e9e\" \/>\n\t<meta name=\"twitter:data1\" content=\"2 minutes\" \/>\n<script type=\"application\/ld+json\" class=\"yoast-schema-graph\">{\"@context\":\"https:\/\/schema.org\",\"@graph\":[{\"@type\":\"WebPage\",\"@id\":\"https:\/\/licoresdemallorca.com\/fr\/philosophie\/\",\"url\":\"https:\/\/licoresdemallorca.com\/fr\/philosophie\/\",\"name\":\"Notre Philosophie | LICORES DE MALLORCA\",\"isPartOf\":{\"@id\":\"https:\/\/licoresdemallorca.com\/fr\/#website\"},\"datePublished\":\"2022-05-27T09:28:28+00:00\",\"dateModified\":\"2024-06-21T11:40:52+00:00\",\"breadcrumb\":{\"@id\":\"https:\/\/licoresdemallorca.com\/fr\/philosophie\/#breadcrumb\"},\"inLanguage\":\"fr-FR\",\"potentialAction\":[{\"@type\":\"ReadAction\",\"target\":[\"https:\/\/licoresdemallorca.com\/fr\/philosophie\/\"]}]},{\"@type\":\"BreadcrumbList\",\"@id\":\"https:\/\/licoresdemallorca.com\/fr\/philosophie\/#breadcrumb\",\"itemListElement\":[{\"@type\":\"ListItem\",\"position\":1,\"name\":\"Portada\",\"item\":\"https:\/\/licoresdemallorca.com\/fr\/\"},{\"@type\":\"ListItem\",\"position\":2,\"name\":\"Philosophie\"}]},{\"@type\":\"WebSite\",\"@id\":\"https:\/\/licoresdemallorca.com\/fr\/#website\",\"url\":\"https:\/\/licoresdemallorca.com\/fr\/\",\"name\":\"Licores de Mallorca\",\"description\":\"Llimoncello de Mallorca - Ecol\u00f3gico\",\"potentialAction\":[{\"@type\":\"SearchAction\",\"target\":{\"@type\":\"EntryPoint\",\"urlTemplate\":\"https:\/\/licoresdemallorca.com\/fr\/?s={search_term_string}\"},\"query-input\":\"required name=search_term_string\"}],\"inLanguage\":\"fr-FR\"}]}<\/script>\n<!-- \/ Yoast SEO plugin. -->","yoast_head_json":{"title":"Notre Philosophie | LICORES DE MALLORCA","robots":{"index":"index","follow":"follow","max-snippet":"max-snippet:-1","max-image-preview":"max-image-preview:large","max-video-preview":"max-video-preview:-1"},"canonical":"https:\/\/licoresdemallorca.com\/fr\/philosophie\/","og_locale":"fr_FR","og_type":"article","og_title":"Notre Philosophie | LICORES DE MALLORCA","og_description":"Philosophie Liqueur de citron et d&rsquo;orange S\u00f3ller Nous travaillons sur ce projet depuis l&rsquo;\u00e9t\u00e9 2021, en testant diff\u00e9rentes recettes. Aujourd&rsquo;hui,","og_url":"https:\/\/licoresdemallorca.com\/fr\/philosophie\/","og_site_name":"Licores de Mallorca","article_modified_time":"2024-06-21T11:40:52+00:00","og_image":[{"url":"https:\/\/licoresdemallorca.com\/wp-content\/uploads\/2022\/05\/sello-mallorca.svg"}],"twitter_card":"summary_large_image","twitter_misc":{"Dur\u00e9e de lecture estim\u00e9e":"2 minutes"},"schema":{"@context":"https:\/\/schema.org","@graph":[{"@type":"WebPage","@id":"https:\/\/licoresdemallorca.com\/fr\/philosophie\/","url":"https:\/\/licoresdemallorca.com\/fr\/philosophie\/","name":"Notre Philosophie | LICORES DE MALLORCA","isPartOf":{"@id":"https:\/\/licoresdemallorca.com\/fr\/#website"},"datePublished":"2022-05-27T09:28:28+00:00","dateModified":"2024-06-21T11:40:52+00:00","breadcrumb":{"@id":"https:\/\/licoresdemallorca.com\/fr\/philosophie\/#breadcrumb"},"inLanguage":"fr-FR","potentialAction":[{"@type":"ReadAction","target":["https:\/\/licoresdemallorca.com\/fr\/philosophie\/"]}]},{"@type":"BreadcrumbList","@id":"https:\/\/licoresdemallorca.com\/fr\/philosophie\/#breadcrumb","itemListElement":[{"@type":"ListItem","position":1,"name":"Portada","item":"https:\/\/licoresdemallorca.com\/fr\/"},{"@type":"ListItem","position":2,"name":"Philosophie"}]},{"@type":"WebSite","@id":"https:\/\/licoresdemallorca.com\/fr\/#website","url":"https:\/\/licoresdemallorca.com\/fr\/","name":"Licores de Mallorca","description":"Llimoncello de Mallorca - Ecol\u00f3gico","potentialAction":[{"@type":"SearchAction","target":{"@type":"EntryPoint","urlTemplate":"https:\/\/licoresdemallorca.com\/fr\/?s={search_term_string}"},"query-input":"required name=search_term_string"}],"inLanguage":"fr-FR"}]}},"_links":{"self":[{"href":"https:\/\/licoresdemallorca.com\/fr\/wp-json\/wp\/v2\/pages\/11220","targetHints":{"allow":["GET"]}}],"collection":[{"href":"https:\/\/licoresdemallorca.com\/fr\/wp-json\/wp\/v2\/pages"}],"about":[{"href":"https:\/\/licoresdemallorca.com\/fr\/wp-json\/wp\/v2\/types\/page"}],"author":[{"embeddable":true,"href":"https:\/\/licoresdemallorca.com\/fr\/wp-json\/wp\/v2\/users\/1"}],"replies":[{"embeddable":true,"href":"https:\/\/licoresdemallorca.com\/fr\/wp-json\/wp\/v2\/comments?post=11220"}],"version-history":[{"count":8,"href":"https:\/\/licoresdemallorca.com\/fr\/wp-json\/wp\/v2\/pages\/11220\/revisions"}],"predecessor-version":[{"id":11476,"href":"https:\/\/licoresdemallorca.com\/fr\/wp-json\/wp\/v2\/pages\/11220\/revisions\/11476"}],"wp:attachment":[{"href":"https:\/\/licoresdemallorca.com\/fr\/wp-json\/wp\/v2\/media?parent=11220"}],"curies":[{"name":"wp","href":"https:\/\/api.w.org\/{rel}","templated":true}]}}