{"id":11208,"date":"2021-10-12T15:51:09","date_gmt":"2021-10-12T15:51:09","guid":{"rendered":"https:\/\/licoresdemallorca.com\/nosotros\/"},"modified":"2023-07-04T07:03:13","modified_gmt":"2023-07-04T07:03:13","slug":"a-propos-de-nous","status":"publish","type":"page","link":"https:\/\/licoresdemallorca.com\/fr\/a-propos-de-nous\/","title":{"rendered":"\u00e0 propos de nous"},"content":{"rendered":"\t\t<div data-elementor-type=\"wp-page\" data-elementor-id=\"11208\" class=\"elementor elementor-11208 elementor-4400\">\n\t\t\t\t\t\t\t\t\t<section class=\"elementor-section elementor-top-section elementor-element elementor-element-56243e0f wd-section-stretch elementor-section-content-top elementor-section-boxed elementor-section-height-default elementor-section-height-default\" data-id=\"56243e0f\" data-element_type=\"section\" data-settings=\"{&quot;background_background&quot;:&quot;classic&quot;}\">\n\t\t\t\t\t\t\t<div class=\"elementor-background-overlay\"><\/div>\n\t\t\t\t\t\t\t<div class=\"elementor-container elementor-column-gap-no\">\n\t\t\t\t\t<div class=\"elementor-column elementor-col-100 elementor-top-column elementor-element elementor-element-347c9755 color-scheme-light\" data-id=\"347c9755\" data-element_type=\"column\" data-settings=\"{&quot;background_background&quot;:&quot;classic&quot;}\">\n\t\t\t<div class=\"elementor-widget-wrap elementor-element-populated\">\n\t\t\t\t\t<div class=\"elementor-background-overlay\"><\/div>\n\t\t\t\t\t\t\t\t<div class=\"elementor-element elementor-element-47e0093 elementor-widget elementor-widget-heading\" data-id=\"47e0093\" data-element_type=\"widget\" data-widget_type=\"heading.default\">\n\t\t\t\t<div class=\"elementor-widget-container\">\n\t\t\t<style>\/*! elementor - v3.14.0 - 26-06-2023 *\/\n.elementor-heading-title{padding:0;margin:0;line-height:1}.elementor-widget-heading .elementor-heading-title[class*=elementor-size-]>a{color:inherit;font-size:inherit;line-height:inherit}.elementor-widget-heading .elementor-heading-title.elementor-size-small{font-size:15px}.elementor-widget-heading .elementor-heading-title.elementor-size-medium{font-size:19px}.elementor-widget-heading .elementor-heading-title.elementor-size-large{font-size:29px}.elementor-widget-heading .elementor-heading-title.elementor-size-xl{font-size:39px}.elementor-widget-heading .elementor-heading-title.elementor-size-xxl{font-size:59px}<\/style><div class=\"elementor-heading-title elementor-size-default\">\u00c0 PROPOS DE NOUS<\/div>\t\t<\/div>\n\t\t\t\t<\/div>\n\t\t\t\t<div class=\"elementor-element elementor-element-5825160 elementor-widget elementor-widget-heading\" data-id=\"5825160\" data-element_type=\"widget\" data-widget_type=\"heading.default\">\n\t\t\t\t<div class=\"elementor-widget-container\">\n\t\t\t<div class=\"elementor-heading-title elementor-size-default\">Liqueur de citron et d'orange S\u00f3ller<\/div>\t\t<\/div>\n\t\t\t\t<\/div>\n\t\t\t\t<div class=\"elementor-element elementor-element-a531fae elementor-widget-divider--view-line elementor-widget elementor-widget-divider\" data-id=\"a531fae\" data-element_type=\"widget\" data-widget_type=\"divider.default\">\n\t\t\t\t<div class=\"elementor-widget-container\">\n\t\t\t<style>\/*! elementor - v3.14.0 - 26-06-2023 *\/\n.elementor-widget-divider{--divider-border-style:none;--divider-border-width:1px;--divider-color:#0c0d0e;--divider-icon-size:20px;--divider-element-spacing:10px;--divider-pattern-height:24px;--divider-pattern-size:20px;--divider-pattern-url:none;--divider-pattern-repeat:repeat-x}.elementor-widget-divider .elementor-divider{display:flex}.elementor-widget-divider .elementor-divider__text{font-size:15px;line-height:1;max-width:95%}.elementor-widget-divider .elementor-divider__element{margin:0 var(--divider-element-spacing);flex-shrink:0}.elementor-widget-divider .elementor-icon{font-size:var(--divider-icon-size)}.elementor-widget-divider .elementor-divider-separator{display:flex;margin:0;direction:ltr}.elementor-widget-divider--view-line_icon .elementor-divider-separator,.elementor-widget-divider--view-line_text .elementor-divider-separator{align-items:center}.elementor-widget-divider--view-line_icon .elementor-divider-separator:after,.elementor-widget-divider--view-line_icon .elementor-divider-separator:before,.elementor-widget-divider--view-line_text .elementor-divider-separator:after,.elementor-widget-divider--view-line_text .elementor-divider-separator:before{display:block;content:\"\";border-bottom:0;flex-grow:1;border-top:var(--divider-border-width) var(--divider-border-style) var(--divider-color)}.elementor-widget-divider--element-align-left .elementor-divider .elementor-divider-separator>.elementor-divider__svg:first-of-type{flex-grow:0;flex-shrink:100}.elementor-widget-divider--element-align-left .elementor-divider-separator:before{content:none}.elementor-widget-divider--element-align-left .elementor-divider__element{margin-left:0}.elementor-widget-divider--element-align-right .elementor-divider .elementor-divider-separator>.elementor-divider__svg:last-of-type{flex-grow:0;flex-shrink:100}.elementor-widget-divider--element-align-right .elementor-divider-separator:after{content:none}.elementor-widget-divider--element-align-right .elementor-divider__element{margin-right:0}.elementor-widget-divider:not(.elementor-widget-divider--view-line_text):not(.elementor-widget-divider--view-line_icon) .elementor-divider-separator{border-top:var(--divider-border-width) var(--divider-border-style) var(--divider-color)}.elementor-widget-divider--separator-type-pattern{--divider-border-style:none}.elementor-widget-divider--separator-type-pattern.elementor-widget-divider--view-line .elementor-divider-separator,.elementor-widget-divider--separator-type-pattern:not(.elementor-widget-divider--view-line) .elementor-divider-separator:after,.elementor-widget-divider--separator-type-pattern:not(.elementor-widget-divider--view-line) .elementor-divider-separator:before,.elementor-widget-divider--separator-type-pattern:not([class*=elementor-widget-divider--view]) .elementor-divider-separator{width:100%;min-height:var(--divider-pattern-height);-webkit-mask-size:var(--divider-pattern-size) 100%;mask-size:var(--divider-pattern-size) 100%;-webkit-mask-repeat:var(--divider-pattern-repeat);mask-repeat:var(--divider-pattern-repeat);background-color:var(--divider-color);-webkit-mask-image:var(--divider-pattern-url);mask-image:var(--divider-pattern-url)}.elementor-widget-divider--no-spacing{--divider-pattern-size:auto}.elementor-widget-divider--bg-round{--divider-pattern-repeat:round}.rtl .elementor-widget-divider .elementor-divider__text{direction:rtl}.e-con-inner>.elementor-widget-divider,.e-con>.elementor-widget-divider{width:var(--container-widget-width,100%);--flex-grow:var(--container-widget-flex-grow)}<\/style>\t\t<div class=\"elementor-divider\">\n\t\t\t<span class=\"elementor-divider-separator\">\n\t\t\t\t\t\t<\/span>\n\t\t<\/div>\n\t\t\t\t<\/div>\n\t\t\t\t<\/div>\n\t\t\t\t<section class=\"elementor-section elementor-inner-section elementor-element elementor-element-02586db elementor-section-boxed elementor-section-height-default elementor-section-height-default wd-section-disabled\" data-id=\"02586db\" data-element_type=\"section\">\n\t\t\t\t\t\t<div class=\"elementor-container elementor-column-gap-wide\">\n\t\t\t\t\t<div class=\"elementor-column elementor-col-33 elementor-inner-column elementor-element elementor-element-7a9aca0\" data-id=\"7a9aca0\" data-element_type=\"column\">\n\t\t\t<div class=\"elementor-widget-wrap elementor-element-populated\">\n\t\t\t\t\t\t\t\t<div class=\"elementor-element elementor-element-96488d8 elementor-widget elementor-widget-image\" data-id=\"96488d8\" data-element_type=\"widget\" data-widget_type=\"image.default\">\n\t\t\t\t<div class=\"elementor-widget-container\">\n\t\t\t<style>\/*! elementor - v3.14.0 - 26-06-2023 *\/\n.elementor-widget-image{text-align:center}.elementor-widget-image a{display:inline-block}.elementor-widget-image a img[src$=\".svg\"]{width:48px}.elementor-widget-image img{vertical-align:middle;display:inline-block}<\/style>\t\t\t\t\t\t\t\t\t<figure class=\"wp-caption\">\n\t\t\t\t\t\t\t\t\t\t<img loading=\"lazy\" decoding=\"async\" width=\"800\" height=\"1200\" src=\"https:\/\/licoresdemallorca.com\/wp-content\/themes\/woodmart\/images\/lazy.png\" class=\"attachment-full size-full wp-image-9850 wd-lazy-load wd-lazy-fade\" alt=\"\" srcset=\"\" sizes=\"auto, (max-width: 800px) 100vw, 800px\" data-wood-src=\"https:\/\/licoresdemallorca.com\/wp-content\/uploads\/2022\/06\/Web-Valery.jpg\" data-srcset=\"https:\/\/licoresdemallorca.com\/wp-content\/uploads\/2022\/06\/Web-Valery.jpg 800w, https:\/\/licoresdemallorca.com\/wp-content\/uploads\/2022\/06\/Web-Valery-700x1050.jpg 700w, https:\/\/licoresdemallorca.com\/wp-content\/uploads\/2022\/06\/Web-Valery-150x225.jpg 150w, https:\/\/licoresdemallorca.com\/wp-content\/uploads\/2022\/06\/Web-Valery-200x300.jpg 200w, https:\/\/licoresdemallorca.com\/wp-content\/uploads\/2022\/06\/Web-Valery-533x800.jpg 533w, https:\/\/licoresdemallorca.com\/wp-content\/uploads\/2022\/06\/Web-Valery-768x1152.jpg 768w, https:\/\/licoresdemallorca.com\/wp-content\/uploads\/2022\/06\/Web-Valery-430x645.jpg 430w\" \/>\t\t\t\t\t\t\t\t\t\t\t<figcaption class=\"widget-image-caption wp-caption-text\">Val\u00e9ry<\/figcaption>\n\t\t\t\t\t\t\t\t\t\t<\/figure>\n\t\t\t\t\t\t\t\t\t<\/div>\n\t\t\t\t<\/div>\n\t\t\t\t\t<\/div>\n\t\t<\/div>\n\t\t\t\t<div class=\"elementor-column elementor-col-33 elementor-inner-column elementor-element elementor-element-9d5c95a\" data-id=\"9d5c95a\" data-element_type=\"column\">\n\t\t\t<div class=\"elementor-widget-wrap elementor-element-populated\">\n\t\t\t\t\t\t\t\t<div class=\"elementor-element elementor-element-58f67fc elementor-widget elementor-widget-image\" data-id=\"58f67fc\" data-element_type=\"widget\" data-widget_type=\"image.default\">\n\t\t\t\t<div class=\"elementor-widget-container\">\n\t\t\t\t\t\t\t\t\t\t\t\t<figure class=\"wp-caption\">\n\t\t\t\t\t\t\t\t\t\t<img loading=\"lazy\" decoding=\"async\" width=\"800\" height=\"1200\" src=\"https:\/\/licoresdemallorca.com\/wp-content\/themes\/woodmart\/images\/lazy.png\" class=\"attachment-full size-full wp-image-9851 wd-lazy-load wd-lazy-fade\" alt=\"\" srcset=\"\" sizes=\"auto, (max-width: 800px) 100vw, 800px\" data-wood-src=\"https:\/\/licoresdemallorca.com\/wp-content\/uploads\/2022\/06\/joaquin.jpg\" data-srcset=\"https:\/\/licoresdemallorca.com\/wp-content\/uploads\/2022\/06\/joaquin.jpg 800w, https:\/\/licoresdemallorca.com\/wp-content\/uploads\/2022\/06\/joaquin-700x1050.jpg 700w, https:\/\/licoresdemallorca.com\/wp-content\/uploads\/2022\/06\/joaquin-150x225.jpg 150w, https:\/\/licoresdemallorca.com\/wp-content\/uploads\/2022\/06\/joaquin-200x300.jpg 200w, https:\/\/licoresdemallorca.com\/wp-content\/uploads\/2022\/06\/joaquin-533x800.jpg 533w, https:\/\/licoresdemallorca.com\/wp-content\/uploads\/2022\/06\/joaquin-768x1152.jpg 768w, https:\/\/licoresdemallorca.com\/wp-content\/uploads\/2022\/06\/joaquin-430x645.jpg 430w\" \/>\t\t\t\t\t\t\t\t\t\t\t<figcaption class=\"widget-image-caption wp-caption-text\">Joaquin<\/figcaption>\n\t\t\t\t\t\t\t\t\t\t<\/figure>\n\t\t\t\t\t\t\t\t\t<\/div>\n\t\t\t\t<\/div>\n\t\t\t\t\t<\/div>\n\t\t<\/div>\n\t\t\t\t<div class=\"elementor-column elementor-col-33 elementor-inner-column elementor-element elementor-element-f280b5a\" data-id=\"f280b5a\" data-element_type=\"column\">\n\t\t\t<div class=\"elementor-widget-wrap elementor-element-populated\">\n\t\t\t\t\t\t\t\t<div class=\"elementor-element elementor-element-249cabc elementor-widget elementor-widget-image\" data-id=\"249cabc\" data-element_type=\"widget\" data-widget_type=\"image.default\">\n\t\t\t\t<div class=\"elementor-widget-container\">\n\t\t\t\t\t\t\t\t\t\t\t\t<figure class=\"wp-caption\">\n\t\t\t\t\t\t\t\t\t\t<img loading=\"lazy\" decoding=\"async\" width=\"800\" height=\"1200\" src=\"https:\/\/licoresdemallorca.com\/wp-content\/themes\/woodmart\/images\/lazy.png\" class=\"attachment-full size-full wp-image-9852 wd-lazy-load wd-lazy-fade\" alt=\"\" srcset=\"\" sizes=\"auto, (max-width: 800px) 100vw, 800px\" data-wood-src=\"https:\/\/licoresdemallorca.com\/wp-content\/uploads\/2022\/06\/Web-Lluc.jpg\" data-srcset=\"https:\/\/licoresdemallorca.com\/wp-content\/uploads\/2022\/06\/Web-Lluc.jpg 800w, https:\/\/licoresdemallorca.com\/wp-content\/uploads\/2022\/06\/Web-Lluc-700x1050.jpg 700w, https:\/\/licoresdemallorca.com\/wp-content\/uploads\/2022\/06\/Web-Lluc-150x225.jpg 150w, https:\/\/licoresdemallorca.com\/wp-content\/uploads\/2022\/06\/Web-Lluc-200x300.jpg 200w, https:\/\/licoresdemallorca.com\/wp-content\/uploads\/2022\/06\/Web-Lluc-533x800.jpg 533w, https:\/\/licoresdemallorca.com\/wp-content\/uploads\/2022\/06\/Web-Lluc-768x1152.jpg 768w, https:\/\/licoresdemallorca.com\/wp-content\/uploads\/2022\/06\/Web-Lluc-430x645.jpg 430w\" \/>\t\t\t\t\t\t\t\t\t\t\t<figcaption class=\"widget-image-caption wp-caption-text\">Lluc<\/figcaption>\n\t\t\t\t\t\t\t\t\t\t<\/figure>\n\t\t\t\t\t\t\t\t\t<\/div>\n\t\t\t\t<\/div>\n\t\t\t\t\t<\/div>\n\t\t<\/div>\n\t\t\t\t\t\t\t<\/div>\n\t\t<\/section>\n\t\t\t\t<section class=\"elementor-section elementor-inner-section elementor-element elementor-element-caf2231 elementor-section-boxed elementor-section-height-default elementor-section-height-default wd-section-disabled\" data-id=\"caf2231\" data-element_type=\"section\">\n\t\t\t\t\t\t<div class=\"elementor-container elementor-column-gap-wide\">\n\t\t\t\t\t<div class=\"elementor-column elementor-col-50 elementor-inner-column elementor-element elementor-element-11c68f6\" data-id=\"11c68f6\" data-element_type=\"column\">\n\t\t\t<div class=\"elementor-widget-wrap elementor-element-populated\">\n\t\t\t\t\t\t\t\t<div class=\"elementor-element elementor-element-9f282a8 elementor-widget elementor-widget-wd_text_block\" data-id=\"9f282a8\" data-element_type=\"widget\" data-widget_type=\"wd_text_block.default\">\n\t\t\t\t<div class=\"elementor-widget-container\">\n\t\t\t\t\t<div class=\"wd-text-block reset-last-child text-left color-scheme-light\">\n\t\t\t\n\t\t\t<p>Joaqu\u00edn est un artisan distillateur et producteur d'huiles essentielles biologiques \u00e0 S\u00f3ller. Certains de nos citrons et oranges biologiques proviennent de sa petite exploitation, qui appartient \u00e0 sa femme depuis plusieurs g\u00e9n\u00e9rations.<\/p><p>Lluc a des origines majorquines, des souvenirs d'\u00e9t\u00e9s pass\u00e9s dans son enfance et un fort sentiment d'appartenance \u00e0 cette culture, \u00e0 cette terre et \u00e0 ces gens. Pour lui, participer \u00e0 un projet de promotion des oranges et des citrons de la vall\u00e9e de S\u00f3ller \u00e9tait une \u00e9vidence, peut-\u00eatre m\u00eame un r\u00eave de longue date ? Le projet a m\u00fbri, pris forme et nous pouvons \u00eatre fiers des produits propos\u00e9s (Llimoncello et Taroncello) qui, d'une seule gorg\u00e9e, vous feront aimer et ressentir le bonheur (et la douceur) qui r\u00e8gne dans cette vall\u00e9e.<\/p>\n\t\t\t\t\t<\/div>\n\t\t\t\t<\/div>\n\t\t\t\t<\/div>\n\t\t\t\t<div class=\"elementor-element elementor-element-d15a05a elementor-widget elementor-widget-spacer\" data-id=\"d15a05a\" data-element_type=\"widget\" data-widget_type=\"spacer.default\">\n\t\t\t\t<div class=\"elementor-widget-container\">\n\t\t\t<style>\/*! elementor - v3.14.0 - 26-06-2023 *\/\n.elementor-column .elementor-spacer-inner{height:var(--spacer-size)}.e-con{--container-widget-width:100%}.e-con-inner>.elementor-widget-spacer,.e-con>.elementor-widget-spacer{width:var(--container-widget-width,var(--spacer-size));--align-self:var(--container-widget-align-self,initial);--flex-shrink:0}.e-con-inner>.elementor-widget-spacer>.elementor-widget-container,.e-con-inner>.elementor-widget-spacer>.elementor-widget-container>.elementor-spacer,.e-con>.elementor-widget-spacer>.elementor-widget-container,.e-con>.elementor-widget-spacer>.elementor-widget-container>.elementor-spacer{height:100%}.e-con-inner>.elementor-widget-spacer>.elementor-widget-container>.elementor-spacer>.elementor-spacer-inner,.e-con>.elementor-widget-spacer>.elementor-widget-container>.elementor-spacer>.elementor-spacer-inner{height:var(--container-widget-height,var(--spacer-size))}<\/style>\t\t<div class=\"elementor-spacer\">\n\t\t\t<div class=\"elementor-spacer-inner\"><\/div>\n\t\t<\/div>\n\t\t\t\t<\/div>\n\t\t\t\t<\/div>\n\t\t\t\t\t<\/div>\n\t\t<\/div>\n\t\t\t\t<div class=\"elementor-column elementor-col-50 elementor-inner-column elementor-element elementor-element-3a57ea4\" data-id=\"3a57ea4\" data-element_type=\"column\">\n\t\t\t<div class=\"elementor-widget-wrap elementor-element-populated\">\n\t\t\t\t\t\t\t\t<div class=\"elementor-element elementor-element-c195489 elementor-widget elementor-widget-wd_text_block\" data-id=\"c195489\" data-element_type=\"widget\" data-widget_type=\"wd_text_block.default\">\n\t\t\t\t<div class=\"elementor-widget-container\">\n\t\t\t\t\t<div class=\"wd-text-block reset-last-child text-left color-scheme-light\">\n\t\t\t\n\t\t\t<p>Val\u00e9ry, il y a plus de sept ans Val\u00e9ry est tomb\u00e9 amoureux de Soller, ce village situ\u00e9 entre la Tramuntana et la mer. Il \u00e9tait d\u00e9j\u00e0 passionn\u00e9 par le vin depuis plus de 25 ans, puisqu'il avait cr\u00e9\u00e9 une agence de distribution de vins \u00e0 Paris pour conseiller et fournir en vins la haute gastronomie parisienne, dont certains vins majorquins. Il lui a suffi de voir ces citronniers et orangers pour essayer les recettes maison de Limoncello et Taroncello et donner naissance au projet qui nous r\u00e9unit aujourd'hui tous les trois.<\/p>\n\t\t\t\t\t<\/div>\n\t\t\t\t<\/div>\n\t\t\t\t<\/div>\n\t\t\t\t<div class=\"elementor-element elementor-element-b44d70c elementor-widget elementor-widget-spacer\" data-id=\"b44d70c\" data-element_type=\"widget\" data-widget_type=\"spacer.default\">\n\t\t\t\t<div class=\"elementor-widget-container\">\n\t\t\t\t\t<div class=\"elementor-spacer\">\n\t\t\t<div class=\"elementor-spacer-inner\"><\/div>\n\t\t<\/div>\n\t\t\t\t<\/div>\n\t\t\t\t<\/div>\n\t\t\t\t<div class=\"elementor-element elementor-element-d04e421 elementor-widget__width-auto elementor-widget elementor-widget-wd_button\" data-id=\"d04e421\" data-element_type=\"widget\" data-widget_type=\"wd_button.default\">\n\t\t\t\t<div class=\"elementor-widget-container\">\n\t\t\t\t\t<div class=\"wd-button-wrapper text-center\" >\n\t\t\t<a class=\"btn btn-style-default btn-style-rectangle btn-size-default btn-color-white btn-icon-pos-left\"  href=\"http:\/\/licoresdemallorca.com\/contacto\/\">\n\t\t\t\t<span class=\"wd-btn-text\" data-elementor-setting-key=\"text\">\n\t\t\t\t\tCONTACT\t\t\t\t<\/span>\n\n\t\t\t\t\t\t\t\t\t<span class=\"wd-btn-icon\">\n\t\t\t\t\t\t<span class=\"wd-icon far fa-envelope\"><\/span>\t\t\t\t\t<\/span>\n\t\t\t\t\t\t\t<\/a>\n\t\t<\/div>\n\t\t\t\t<\/div>\n\t\t\t\t<\/div>\n\t\t\t\t<div class=\"elementor-element elementor-element-470613f elementor-widget__width-auto elementor-widget elementor-widget-wd_button\" data-id=\"470613f\" data-element_type=\"widget\" data-widget_type=\"wd_button.default\">\n\t\t\t\t<div class=\"elementor-widget-container\">\n\t\t\t\t\t<div class=\"wd-button-wrapper text-center\" >\n\t\t\t<a class=\"btn btn-style-default btn-style-rectangle btn-size-default btn-color-alt btn-icon-pos-left\"  href=\"https:\/\/licoresdemallorca.com\/fr\/boutique\">\n\t\t\t\t<span class=\"wd-btn-text\" data-elementor-setting-key=\"text\">\n\t\t\t\t\tacheter\t\t\t\t<\/span>\n\n\t\t\t\t\t\t\t\t\t<span class=\"wd-btn-icon\">\n\t\t\t\t\t\t<span class=\"wd-icon fas fa-shopping-cart\"><\/span>\t\t\t\t\t<\/span>\n\t\t\t\t\t\t\t<\/a>\n\t\t<\/div>\n\t\t\t\t<\/div>\n\t\t\t\t<\/div>\n\t\t\t\t\t<\/div>\n\t\t<\/div>\n\t\t\t\t\t\t\t<\/div>\n\t\t<\/section>\n\t\t\t\t<div class=\"elementor-element elementor-element-a34d01d elementor-widget elementor-widget-spacer\" data-id=\"a34d01d\" data-element_type=\"widget\" data-widget_type=\"spacer.default\">\n\t\t\t\t<div class=\"elementor-widget-container\">\n\t\t\t\t\t<div class=\"elementor-spacer\">\n\t\t\t<div class=\"elementor-spacer-inner\"><\/div>\n\t\t<\/div>\n\t\t\t\t<\/div>\n\t\t\t\t<\/div>\n\t\t\t\t<div class=\"elementor-element elementor-element-01ab9b6 elementor-widget elementor-widget-spacer\" data-id=\"01ab9b6\" data-element_type=\"widget\" data-widget_type=\"spacer.default\">\n\t\t\t\t<div class=\"elementor-widget-container\">\n\t\t\t\t\t<div class=\"elementor-spacer\">\n\t\t\t<div class=\"elementor-spacer-inner\"><\/div>\n\t\t<\/div>\n\t\t\t\t<\/div>\n\t\t\t\t<\/div>\n\t\t\t\t\t<\/div>\n\t\t<\/div>\n\t\t\t\t\t\t\t<\/div>\n\t\t<\/section>\n\t\t\t\t\t\t\t<\/div>\n\t\t","protected":false},"excerpt":{"rendered":"<p>\u00c0 PROPOS DE NOUS Liqueur de citron et d&rsquo;orange S\u00f3ller Val\u00e9ry Joaquin Lluc Joaqu\u00edn est un artisan distillateur et producteur<\/p>\n","protected":false},"author":1,"featured_media":0,"parent":0,"menu_order":0,"comment_status":"closed","ping_status":"closed","template":"","meta":{"footnotes":""},"class_list":["post-11208","page","type-page","status-publish","hentry"],"yoast_head":"<!-- This site is optimized with the Yoast SEO plugin v20.10 - https:\/\/yoast.com\/wordpress\/plugins\/seo\/ -->\n<title>\u00e0 propos de nous - Licores de Mallorca<\/title>\n<meta name=\"robots\" content=\"index, follow, max-snippet:-1, max-image-preview:large, max-video-preview:-1\" \/>\n<link rel=\"canonical\" href=\"https:\/\/licoresdemallorca.com\/fr\/a-propos-de-nous\/\" \/>\n<meta property=\"og:locale\" content=\"fr_FR\" \/>\n<meta property=\"og:type\" content=\"article\" \/>\n<meta property=\"og:title\" content=\"\u00e0 propos de nous - Licores de Mallorca\" \/>\n<meta property=\"og:description\" content=\"\u00c0 PROPOS DE NOUS Liqueur de citron et d&rsquo;orange S\u00f3ller Val\u00e9ry Joaquin Lluc Joaqu\u00edn est un artisan distillateur et producteur\" \/>\n<meta property=\"og:url\" content=\"https:\/\/licoresdemallorca.com\/fr\/a-propos-de-nous\/\" \/>\n<meta property=\"og:site_name\" content=\"Licores de Mallorca\" \/>\n<meta property=\"article:modified_time\" content=\"2023-07-04T07:03:13+00:00\" \/>\n<meta property=\"og:image\" content=\"https:\/\/licoresdemallorca.com\/wp-content\/uploads\/2022\/06\/Web-Valery.jpg\" \/>\n<meta name=\"twitter:card\" content=\"summary_large_image\" \/>\n<meta name=\"twitter:label1\" content=\"Dur\u00e9e de lecture estim\u00e9e\" \/>\n\t<meta name=\"twitter:data1\" content=\"2 minutes\" \/>\n<script type=\"application\/ld+json\" class=\"yoast-schema-graph\">{\"@context\":\"https:\/\/schema.org\",\"@graph\":[{\"@type\":\"WebPage\",\"@id\":\"https:\/\/licoresdemallorca.com\/fr\/a-propos-de-nous\/\",\"url\":\"https:\/\/licoresdemallorca.com\/fr\/a-propos-de-nous\/\",\"name\":\"\u00e0 propos de nous - Licores de Mallorca\",\"isPartOf\":{\"@id\":\"https:\/\/licoresdemallorca.com\/fr\/#website\"},\"datePublished\":\"2021-10-12T15:51:09+00:00\",\"dateModified\":\"2023-07-04T07:03:13+00:00\",\"breadcrumb\":{\"@id\":\"https:\/\/licoresdemallorca.com\/fr\/a-propos-de-nous\/#breadcrumb\"},\"inLanguage\":\"fr-FR\",\"potentialAction\":[{\"@type\":\"ReadAction\",\"target\":[\"https:\/\/licoresdemallorca.com\/fr\/a-propos-de-nous\/\"]}]},{\"@type\":\"BreadcrumbList\",\"@id\":\"https:\/\/licoresdemallorca.com\/fr\/a-propos-de-nous\/#breadcrumb\",\"itemListElement\":[{\"@type\":\"ListItem\",\"position\":1,\"name\":\"Portada\",\"item\":\"https:\/\/licoresdemallorca.com\/fr\/\"},{\"@type\":\"ListItem\",\"position\":2,\"name\":\"\u00e0 propos de nous\"}]},{\"@type\":\"WebSite\",\"@id\":\"https:\/\/licoresdemallorca.com\/fr\/#website\",\"url\":\"https:\/\/licoresdemallorca.com\/fr\/\",\"name\":\"Licores de Mallorca\",\"description\":\"Llimoncello de Mallorca - Ecol\u00f3gico\",\"potentialAction\":[{\"@type\":\"SearchAction\",\"target\":{\"@type\":\"EntryPoint\",\"urlTemplate\":\"https:\/\/licoresdemallorca.com\/fr\/?s={search_term_string}\"},\"query-input\":\"required name=search_term_string\"}],\"inLanguage\":\"fr-FR\"}]}<\/script>\n<!-- \/ Yoast SEO plugin. -->","yoast_head_json":{"title":"\u00e0 propos de nous - Licores de Mallorca","robots":{"index":"index","follow":"follow","max-snippet":"max-snippet:-1","max-image-preview":"max-image-preview:large","max-video-preview":"max-video-preview:-1"},"canonical":"https:\/\/licoresdemallorca.com\/fr\/a-propos-de-nous\/","og_locale":"fr_FR","og_type":"article","og_title":"\u00e0 propos de nous - Licores de Mallorca","og_description":"\u00c0 PROPOS DE NOUS Liqueur de citron et d&rsquo;orange S\u00f3ller Val\u00e9ry Joaquin Lluc Joaqu\u00edn est un artisan distillateur et producteur","og_url":"https:\/\/licoresdemallorca.com\/fr\/a-propos-de-nous\/","og_site_name":"Licores de Mallorca","article_modified_time":"2023-07-04T07:03:13+00:00","og_image":[{"url":"https:\/\/licoresdemallorca.com\/wp-content\/uploads\/2022\/06\/Web-Valery.jpg"}],"twitter_card":"summary_large_image","twitter_misc":{"Dur\u00e9e de lecture estim\u00e9e":"2 minutes"},"schema":{"@context":"https:\/\/schema.org","@graph":[{"@type":"WebPage","@id":"https:\/\/licoresdemallorca.com\/fr\/a-propos-de-nous\/","url":"https:\/\/licoresdemallorca.com\/fr\/a-propos-de-nous\/","name":"\u00e0 propos de nous - Licores de Mallorca","isPartOf":{"@id":"https:\/\/licoresdemallorca.com\/fr\/#website"},"datePublished":"2021-10-12T15:51:09+00:00","dateModified":"2023-07-04T07:03:13+00:00","breadcrumb":{"@id":"https:\/\/licoresdemallorca.com\/fr\/a-propos-de-nous\/#breadcrumb"},"inLanguage":"fr-FR","potentialAction":[{"@type":"ReadAction","target":["https:\/\/licoresdemallorca.com\/fr\/a-propos-de-nous\/"]}]},{"@type":"BreadcrumbList","@id":"https:\/\/licoresdemallorca.com\/fr\/a-propos-de-nous\/#breadcrumb","itemListElement":[{"@type":"ListItem","position":1,"name":"Portada","item":"https:\/\/licoresdemallorca.com\/fr\/"},{"@type":"ListItem","position":2,"name":"\u00e0 propos de nous"}]},{"@type":"WebSite","@id":"https:\/\/licoresdemallorca.com\/fr\/#website","url":"https:\/\/licoresdemallorca.com\/fr\/","name":"Licores de Mallorca","description":"Llimoncello de Mallorca - Ecol\u00f3gico","potentialAction":[{"@type":"SearchAction","target":{"@type":"EntryPoint","urlTemplate":"https:\/\/licoresdemallorca.com\/fr\/?s={search_term_string}"},"query-input":"required name=search_term_string"}],"inLanguage":"fr-FR"}]}},"_links":{"self":[{"href":"https:\/\/licoresdemallorca.com\/fr\/wp-json\/wp\/v2\/pages\/11208","targetHints":{"allow":["GET"]}}],"collection":[{"href":"https:\/\/licoresdemallorca.com\/fr\/wp-json\/wp\/v2\/pages"}],"about":[{"href":"https:\/\/licoresdemallorca.com\/fr\/wp-json\/wp\/v2\/types\/page"}],"author":[{"embeddable":true,"href":"https:\/\/licoresdemallorca.com\/fr\/wp-json\/wp\/v2\/users\/1"}],"replies":[{"embeddable":true,"href":"https:\/\/licoresdemallorca.com\/fr\/wp-json\/wp\/v2\/comments?post=11208"}],"version-history":[{"count":10,"href":"https:\/\/licoresdemallorca.com\/fr\/wp-json\/wp\/v2\/pages\/11208\/revisions"}],"predecessor-version":[{"id":11272,"href":"https:\/\/licoresdemallorca.com\/fr\/wp-json\/wp\/v2\/pages\/11208\/revisions\/11272"}],"wp:attachment":[{"href":"https:\/\/licoresdemallorca.com\/fr\/wp-json\/wp\/v2\/media?parent=11208"}],"curies":[{"name":"wp","href":"https:\/\/api.w.org\/{rel}","templated":true}]}}