{"id":10541,"date":"2022-05-27T09:28:49","date_gmt":"2022-05-27T09:28:49","guid":{"rendered":"https:\/\/licoresdemallorca.com\/erase-una-vez\/"},"modified":"2023-07-04T06:59:55","modified_gmt":"2023-07-04T06:59:55","slug":"il-etait-une-fois","status":"publish","type":"page","link":"https:\/\/licoresdemallorca.com\/fr\/il-etait-une-fois\/","title":{"rendered":"Il \u00e9tait une fois"},"content":{"rendered":"\t\t<div data-elementor-type=\"wp-page\" data-elementor-id=\"10541\" class=\"elementor elementor-10541 elementor-9501\">\n\t\t\t\t\t\t\t\t\t<section class=\"elementor-section elementor-top-section elementor-element elementor-element-56243e0f wd-section-stretch elementor-section-content-top elementor-section-boxed elementor-section-height-default elementor-section-height-default\" data-id=\"56243e0f\" data-element_type=\"section\" data-settings=\"{&quot;background_background&quot;:&quot;classic&quot;}\">\n\t\t\t\t\t\t\t<div class=\"elementor-background-overlay\"><\/div>\n\t\t\t\t\t\t\t<div class=\"elementor-container elementor-column-gap-no\">\n\t\t\t\t\t<div class=\"elementor-column elementor-col-100 elementor-top-column elementor-element elementor-element-347c9755 color-scheme-light\" data-id=\"347c9755\" data-element_type=\"column\" data-settings=\"{&quot;background_background&quot;:&quot;classic&quot;}\">\n\t\t\t<div class=\"elementor-widget-wrap elementor-element-populated\">\n\t\t\t\t\t<div class=\"elementor-background-overlay\"><\/div>\n\t\t\t\t\t\t\t\t<div class=\"elementor-element elementor-element-47e0093 elementor-widget elementor-widget-heading\" data-id=\"47e0093\" data-element_type=\"widget\" data-widget_type=\"heading.default\">\n\t\t\t\t<div class=\"elementor-widget-container\">\n\t\t\t<style>\/*! elementor - v3.14.0 - 26-06-2023 *\/\n.elementor-heading-title{padding:0;margin:0;line-height:1}.elementor-widget-heading .elementor-heading-title[class*=elementor-size-]>a{color:inherit;font-size:inherit;line-height:inherit}.elementor-widget-heading .elementor-heading-title.elementor-size-small{font-size:15px}.elementor-widget-heading .elementor-heading-title.elementor-size-medium{font-size:19px}.elementor-widget-heading .elementor-heading-title.elementor-size-large{font-size:29px}.elementor-widget-heading .elementor-heading-title.elementor-size-xl{font-size:39px}.elementor-widget-heading .elementor-heading-title.elementor-size-xxl{font-size:59px}<\/style><div class=\"elementor-heading-title elementor-size-default\">Il \u00e9tait une fois...<\/div>\t\t<\/div>\n\t\t\t\t<\/div>\n\t\t\t\t<div class=\"elementor-element elementor-element-954b976 elementor-widget elementor-widget-heading\" data-id=\"954b976\" data-element_type=\"widget\" data-widget_type=\"heading.default\">\n\t\t\t\t<div class=\"elementor-widget-container\">\n\t\t\t<div class=\"elementor-heading-title elementor-size-default\">Val\u00e9ry, Luc et Joachim<\/div>\t\t<\/div>\n\t\t\t\t<\/div>\n\t\t\t\t<div class=\"elementor-element elementor-element-a531fae elementor-widget-divider--view-line elementor-widget elementor-widget-divider\" data-id=\"a531fae\" data-element_type=\"widget\" data-widget_type=\"divider.default\">\n\t\t\t\t<div class=\"elementor-widget-container\">\n\t\t\t<style>\/*! elementor - v3.14.0 - 26-06-2023 *\/\n.elementor-widget-divider{--divider-border-style:none;--divider-border-width:1px;--divider-color:#0c0d0e;--divider-icon-size:20px;--divider-element-spacing:10px;--divider-pattern-height:24px;--divider-pattern-size:20px;--divider-pattern-url:none;--divider-pattern-repeat:repeat-x}.elementor-widget-divider .elementor-divider{display:flex}.elementor-widget-divider .elementor-divider__text{font-size:15px;line-height:1;max-width:95%}.elementor-widget-divider .elementor-divider__element{margin:0 var(--divider-element-spacing);flex-shrink:0}.elementor-widget-divider .elementor-icon{font-size:var(--divider-icon-size)}.elementor-widget-divider .elementor-divider-separator{display:flex;margin:0;direction:ltr}.elementor-widget-divider--view-line_icon .elementor-divider-separator,.elementor-widget-divider--view-line_text .elementor-divider-separator{align-items:center}.elementor-widget-divider--view-line_icon .elementor-divider-separator:after,.elementor-widget-divider--view-line_icon .elementor-divider-separator:before,.elementor-widget-divider--view-line_text .elementor-divider-separator:after,.elementor-widget-divider--view-line_text .elementor-divider-separator:before{display:block;content:\"\";border-bottom:0;flex-grow:1;border-top:var(--divider-border-width) var(--divider-border-style) var(--divider-color)}.elementor-widget-divider--element-align-left .elementor-divider .elementor-divider-separator>.elementor-divider__svg:first-of-type{flex-grow:0;flex-shrink:100}.elementor-widget-divider--element-align-left .elementor-divider-separator:before{content:none}.elementor-widget-divider--element-align-left .elementor-divider__element{margin-left:0}.elementor-widget-divider--element-align-right .elementor-divider .elementor-divider-separator>.elementor-divider__svg:last-of-type{flex-grow:0;flex-shrink:100}.elementor-widget-divider--element-align-right .elementor-divider-separator:after{content:none}.elementor-widget-divider--element-align-right .elementor-divider__element{margin-right:0}.elementor-widget-divider:not(.elementor-widget-divider--view-line_text):not(.elementor-widget-divider--view-line_icon) .elementor-divider-separator{border-top:var(--divider-border-width) var(--divider-border-style) var(--divider-color)}.elementor-widget-divider--separator-type-pattern{--divider-border-style:none}.elementor-widget-divider--separator-type-pattern.elementor-widget-divider--view-line .elementor-divider-separator,.elementor-widget-divider--separator-type-pattern:not(.elementor-widget-divider--view-line) .elementor-divider-separator:after,.elementor-widget-divider--separator-type-pattern:not(.elementor-widget-divider--view-line) .elementor-divider-separator:before,.elementor-widget-divider--separator-type-pattern:not([class*=elementor-widget-divider--view]) .elementor-divider-separator{width:100%;min-height:var(--divider-pattern-height);-webkit-mask-size:var(--divider-pattern-size) 100%;mask-size:var(--divider-pattern-size) 100%;-webkit-mask-repeat:var(--divider-pattern-repeat);mask-repeat:var(--divider-pattern-repeat);background-color:var(--divider-color);-webkit-mask-image:var(--divider-pattern-url);mask-image:var(--divider-pattern-url)}.elementor-widget-divider--no-spacing{--divider-pattern-size:auto}.elementor-widget-divider--bg-round{--divider-pattern-repeat:round}.rtl .elementor-widget-divider .elementor-divider__text{direction:rtl}.e-con-inner>.elementor-widget-divider,.e-con>.elementor-widget-divider{width:var(--container-widget-width,100%);--flex-grow:var(--container-widget-flex-grow)}<\/style>\t\t<div class=\"elementor-divider\">\n\t\t\t<span class=\"elementor-divider-separator\">\n\t\t\t\t\t\t<\/span>\n\t\t<\/div>\n\t\t\t\t<\/div>\n\t\t\t\t<\/div>\n\t\t\t\t<section class=\"elementor-section elementor-inner-section elementor-element elementor-element-02586db elementor-section-boxed elementor-section-height-default elementor-section-height-default wd-section-disabled\" data-id=\"02586db\" data-element_type=\"section\">\n\t\t\t\t\t\t<div class=\"elementor-container elementor-column-gap-wider\">\n\t\t\t\t\t<div class=\"elementor-column elementor-col-50 elementor-inner-column elementor-element elementor-element-7a9aca0\" data-id=\"7a9aca0\" data-element_type=\"column\">\n\t\t\t<div class=\"elementor-widget-wrap elementor-element-populated\">\n\t\t\t\t\t\t\t\t<div class=\"elementor-element elementor-element-58f67fc elementor-widget elementor-widget-image\" data-id=\"58f67fc\" data-element_type=\"widget\" data-widget_type=\"image.default\">\n\t\t\t\t<div class=\"elementor-widget-container\">\n\t\t\t<style>\/*! elementor - v3.14.0 - 26-06-2023 *\/\n.elementor-widget-image{text-align:center}.elementor-widget-image a{display:inline-block}.elementor-widget-image a img[src$=\".svg\"]{width:48px}.elementor-widget-image img{vertical-align:middle;display:inline-block}<\/style>\t\t\t\t\t\t\t\t\t<figure class=\"wp-caption\">\n\t\t\t\t\t\t\t\t\t\t<img loading=\"lazy\" decoding=\"async\" width=\"1400\" height=\"934\" src=\"https:\/\/licoresdemallorca.com\/wp-content\/themes\/woodmart\/images\/lazy.png\" class=\"attachment-full size-full wp-image-9818 wd-lazy-load wd-lazy-fade\" alt=\"\" srcset=\"\" sizes=\"auto, (max-width: 1400px) 100vw, 1400px\" data-wood-src=\"https:\/\/licoresdemallorca.com\/wp-content\/uploads\/2022\/06\/Web-nosotros.jpg\" data-srcset=\"https:\/\/licoresdemallorca.com\/wp-content\/uploads\/2022\/06\/Web-nosotros.jpg 1400w, https:\/\/licoresdemallorca.com\/wp-content\/uploads\/2022\/06\/Web-nosotros-700x467.jpg 700w, https:\/\/licoresdemallorca.com\/wp-content\/uploads\/2022\/06\/Web-nosotros-150x100.jpg 150w, https:\/\/licoresdemallorca.com\/wp-content\/uploads\/2022\/06\/Web-nosotros-400x267.jpg 400w, https:\/\/licoresdemallorca.com\/wp-content\/uploads\/2022\/06\/Web-nosotros-1199x800.jpg 1199w, https:\/\/licoresdemallorca.com\/wp-content\/uploads\/2022\/06\/Web-nosotros-768x512.jpg 768w, https:\/\/licoresdemallorca.com\/wp-content\/uploads\/2022\/06\/Web-nosotros-860x574.jpg 860w, https:\/\/licoresdemallorca.com\/wp-content\/uploads\/2022\/06\/Web-nosotros-430x287.jpg 430w\" \/>\t\t\t\t\t\t\t\t\t\t\t<figcaption class=\"widget-image-caption wp-caption-text\">Joachim, Val\u00e9ry y Luc<\/figcaption>\n\t\t\t\t\t\t\t\t\t\t<\/figure>\n\t\t\t\t\t\t\t\t\t<\/div>\n\t\t\t\t<\/div>\n\t\t\t\t<div class=\"elementor-element elementor-element-2b7af5d elementor-widget elementor-widget-spacer\" data-id=\"2b7af5d\" data-element_type=\"widget\" data-widget_type=\"spacer.default\">\n\t\t\t\t<div class=\"elementor-widget-container\">\n\t\t\t<style>\/*! elementor - v3.14.0 - 26-06-2023 *\/\n.elementor-column .elementor-spacer-inner{height:var(--spacer-size)}.e-con{--container-widget-width:100%}.e-con-inner>.elementor-widget-spacer,.e-con>.elementor-widget-spacer{width:var(--container-widget-width,var(--spacer-size));--align-self:var(--container-widget-align-self,initial);--flex-shrink:0}.e-con-inner>.elementor-widget-spacer>.elementor-widget-container,.e-con-inner>.elementor-widget-spacer>.elementor-widget-container>.elementor-spacer,.e-con>.elementor-widget-spacer>.elementor-widget-container,.e-con>.elementor-widget-spacer>.elementor-widget-container>.elementor-spacer{height:100%}.e-con-inner>.elementor-widget-spacer>.elementor-widget-container>.elementor-spacer>.elementor-spacer-inner,.e-con>.elementor-widget-spacer>.elementor-widget-container>.elementor-spacer>.elementor-spacer-inner{height:var(--container-widget-height,var(--spacer-size))}<\/style>\t\t<div class=\"elementor-spacer\">\n\t\t\t<div class=\"elementor-spacer-inner\"><\/div>\n\t\t<\/div>\n\t\t\t\t<\/div>\n\t\t\t\t<\/div>\n\t\t\t\t<div class=\"elementor-element elementor-element-27af20e elementor-widget elementor-widget-wd_text_block\" data-id=\"27af20e\" data-element_type=\"widget\" data-widget_type=\"wd_text_block.default\">\n\t\t\t\t<div class=\"elementor-widget-container\">\n\t\t\t\t\t<div class=\"wd-text-block reset-last-child text-left color-scheme-light\">\n\t\t\t\n\t\t\t<p>Au c\u0153ur d'une vall\u00e9e pleine de citronniers et d'orangers, \u00e0 S\u00f3ller, sur l'\u00eele de Majorque, trois amis se sont retrouv\u00e9s dans un jardin pour d\u00e9guster un Limoncello r\u00e9alis\u00e9 par l'un d'eux. Ce jour-l\u00e0, l'id\u00e9e de fabriquer un Limoncello authentique, artisanal et biologique est n\u00e9e.<\/p><p>Joachim, Luc et Val\u00e9ry, entour\u00e9s de ce paysage quotidien de champs de citronniers, avaient naturellement trouv\u00e9 les racines de leur projet dans l'histoire m\u00eame de S\u00f3ller.<\/p>\n\t\t\t\t\t<\/div>\n\t\t\t\t<\/div>\n\t\t\t\t<\/div>\n\t\t\t\t\t<\/div>\n\t\t<\/div>\n\t\t\t\t<div class=\"elementor-column elementor-col-50 elementor-inner-column elementor-element elementor-element-9d5c95a\" data-id=\"9d5c95a\" data-element_type=\"column\">\n\t\t\t<div class=\"elementor-widget-wrap elementor-element-populated\">\n\t\t\t\t\t\t\t\t<div class=\"elementor-element elementor-element-cd3e78e elementor-widget elementor-widget-wd_text_block\" data-id=\"cd3e78e\" data-element_type=\"widget\" data-widget_type=\"wd_text_block.default\">\n\t\t\t\t<div class=\"elementor-widget-container\">\n\t\t\t\t\t<div class=\"wd-text-block reset-last-child text-left color-scheme-light\">\n\t\t\t\n\t\t\t<p>La vall\u00e9e est probablement l'une des plus belles de Majorque, car elle est unique. Riche en oliviers, citronniers et orangers, elle est situ\u00e9e au nord-ouest de l'\u00eele, entre mer et montagne, au c\u0153ur de la Serra Tramuntana, d\u00e9clar\u00e9e site du patrimoine mondial par l'UNESCO. Les plantations de citronniers sont magnifiques gr\u00e2ce \u00e0 l'abondance de l'eau de la Serra Tramuntana, au soleil m\u00e9diterran\u00e9en et au vent de la mer. Reconnus pour leur qualit\u00e9 organoleptique d\u00e9licieusement parfum\u00e9e et aromatiquement exceptionnelle, les citrons sont r\u00e9colt\u00e9s \u00e0 pleine maturit\u00e9.<\/p><p>Les premiers agrumes sont arriv\u00e9s \u00e0 S\u00f3ller il y a plus de 600 ans, dans les cales des navires arabes. Sa culture a transform\u00e9 non seulement le paysage mais aussi l'\u00e9conomie de la vall\u00e9e. Pendant des si\u00e8cles, S\u00f3ller a \u00e9t\u00e9 un coin fertile et vierge de la Serra de Tramuntana, o\u00f9 la culture et la qualit\u00e9 des agrumes ont contribu\u00e9 au d\u00e9veloppement \u00e9conomique de la r\u00e9gion. Son histoire est aussi profond\u00e9ment li\u00e9e \u00e0 la France : en effet, de nombreux citrons ont quitt\u00e9 le Port de S\u00f3ller directement pour Port-Vendres, S\u00e8te, Aigues-Mortes ou Marseille ; d'abord en bateaux \u00e0 voile (lla\u00fats) puis, \u00e0 partir du d\u00e9but du XXe si\u00e8cle, en bateaux \u00e0 vapeur qui transportaient \u00e9galement des oranges, de l'huile d'olive, des figues, des amandes et du vin.<\/p><p>Les diff\u00e9rentes cultures de la vall\u00e9e permettent la production de produits locaux de haute qualit\u00e9, tels que glaces, confitures, vinaigres, parfums, savons, huile d'olive vierge... Il manquait un limoncello bio cr\u00e9\u00e9 \u00e0 S\u00f3ller : il est n\u00e9 dans le c\u0153ur de cette vall\u00e9e.<\/p>\n\t\t\t\t\t<\/div>\n\t\t\t\t<\/div>\n\t\t\t\t<\/div>\n\t\t\t\t<div class=\"elementor-element elementor-element-1e581a6 elementor-widget elementor-widget-spacer\" data-id=\"1e581a6\" data-element_type=\"widget\" data-widget_type=\"spacer.default\">\n\t\t\t\t<div class=\"elementor-widget-container\">\n\t\t\t\t\t<div class=\"elementor-spacer\">\n\t\t\t<div class=\"elementor-spacer-inner\"><\/div>\n\t\t<\/div>\n\t\t\t\t<\/div>\n\t\t\t\t<\/div>\n\t\t\t\t<div class=\"elementor-element elementor-element-77be294 elementor-widget__width-auto elementor-widget elementor-widget-wd_button\" data-id=\"77be294\" data-element_type=\"widget\" data-widget_type=\"wd_button.default\">\n\t\t\t\t<div class=\"elementor-widget-container\">\n\t\t\t\t\t<div class=\"wd-button-wrapper text-center\" >\n\t\t\t<a class=\"btn btn-style-default btn-style-rectangle btn-size-default btn-color-white btn-icon-pos-left\"  href=\"https:\/\/licoresdemallorca.com\/fr\/contact\/\">\n\t\t\t\t<span class=\"wd-btn-text\" data-elementor-setting-key=\"text\">\n\t\t\t\t\tCONTACT\t\t\t\t<\/span>\n\n\t\t\t\t\t\t\t\t\t<span class=\"wd-btn-icon\">\n\t\t\t\t\t\t<span class=\"wd-icon far fa-envelope\"><\/span>\t\t\t\t\t<\/span>\n\t\t\t\t\t\t\t<\/a>\n\t\t<\/div>\n\t\t\t\t<\/div>\n\t\t\t\t<\/div>\n\t\t\t\t<div class=\"elementor-element elementor-element-22aaa09 elementor-widget__width-auto elementor-widget elementor-widget-wd_button\" data-id=\"22aaa09\" data-element_type=\"widget\" data-widget_type=\"wd_button.default\">\n\t\t\t\t<div class=\"elementor-widget-container\">\n\t\t\t\t\t<div class=\"wd-button-wrapper text-center\" >\n\t\t\t<a class=\"btn btn-style-default btn-style-rectangle btn-size-default btn-color-alt btn-icon-pos-left\"  href=\"https:\/\/licoresdemallorca.com\/fr\/boutique\">\n\t\t\t\t<span class=\"wd-btn-text\" data-elementor-setting-key=\"text\">\n\t\t\t\t\tACHETER\t\t\t\t<\/span>\n\n\t\t\t\t\t\t\t\t\t<span class=\"wd-btn-icon\">\n\t\t\t\t\t\t<span class=\"wd-icon fas fa-shopping-cart\"><\/span>\t\t\t\t\t<\/span>\n\t\t\t\t\t\t\t<\/a>\n\t\t<\/div>\n\t\t\t\t<\/div>\n\t\t\t\t<\/div>\n\t\t\t\t\t<\/div>\n\t\t<\/div>\n\t\t\t\t\t\t\t<\/div>\n\t\t<\/section>\n\t\t\t\t<div class=\"elementor-element elementor-element-a34d01d elementor-widget elementor-widget-spacer\" data-id=\"a34d01d\" data-element_type=\"widget\" data-widget_type=\"spacer.default\">\n\t\t\t\t<div class=\"elementor-widget-container\">\n\t\t\t\t\t<div class=\"elementor-spacer\">\n\t\t\t<div class=\"elementor-spacer-inner\"><\/div>\n\t\t<\/div>\n\t\t\t\t<\/div>\n\t\t\t\t<\/div>\n\t\t\t\t<div class=\"elementor-element elementor-element-01ab9b6 elementor-widget elementor-widget-spacer\" data-id=\"01ab9b6\" data-element_type=\"widget\" data-widget_type=\"spacer.default\">\n\t\t\t\t<div class=\"elementor-widget-container\">\n\t\t\t\t\t<div class=\"elementor-spacer\">\n\t\t\t<div class=\"elementor-spacer-inner\"><\/div>\n\t\t<\/div>\n\t\t\t\t<\/div>\n\t\t\t\t<\/div>\n\t\t\t\t\t<\/div>\n\t\t<\/div>\n\t\t\t\t\t\t\t<\/div>\n\t\t<\/section>\n\t\t\t\t\t\t\t<\/div>\n\t\t","protected":false},"excerpt":{"rendered":"<p>Il \u00e9tait une fois&#8230; Val\u00e9ry, Luc et Joachim Joachim, Val\u00e9ry y Luc Au c\u0153ur d&rsquo;une vall\u00e9e pleine de citronniers et<\/p>\n","protected":false},"author":1,"featured_media":0,"parent":0,"menu_order":0,"comment_status":"closed","ping_status":"closed","template":"","meta":{"footnotes":""},"class_list":["post-10541","page","type-page","status-publish","hentry"],"yoast_head":"<!-- This site is optimized with the Yoast SEO plugin v20.10 - https:\/\/yoast.com\/wordpress\/plugins\/seo\/ -->\n<title>Il \u00e9tait une fois - Licores de Mallorca<\/title>\n<meta name=\"robots\" content=\"index, follow, max-snippet:-1, max-image-preview:large, max-video-preview:-1\" \/>\n<link rel=\"canonical\" href=\"https:\/\/licoresdemallorca.com\/fr\/il-etait-une-fois\/\" \/>\n<meta property=\"og:locale\" content=\"fr_FR\" \/>\n<meta property=\"og:type\" content=\"article\" \/>\n<meta property=\"og:title\" content=\"Il \u00e9tait une fois - Licores de Mallorca\" \/>\n<meta property=\"og:description\" content=\"Il \u00e9tait une fois&#8230; Val\u00e9ry, Luc et Joachim Joachim, Val\u00e9ry y Luc Au c\u0153ur d&rsquo;une vall\u00e9e pleine de citronniers et\" \/>\n<meta property=\"og:url\" content=\"https:\/\/licoresdemallorca.com\/fr\/il-etait-une-fois\/\" \/>\n<meta property=\"og:site_name\" content=\"Licores de Mallorca\" \/>\n<meta property=\"article:modified_time\" content=\"2023-07-04T06:59:55+00:00\" \/>\n<meta property=\"og:image\" content=\"https:\/\/licoresdemallorca.com\/wp-content\/uploads\/2022\/06\/Web-nosotros.jpg\" \/>\n<meta name=\"twitter:card\" content=\"summary_large_image\" \/>\n<meta name=\"twitter:label1\" content=\"Dur\u00e9e de lecture estim\u00e9e\" \/>\n\t<meta name=\"twitter:data1\" content=\"2 minutes\" \/>\n<script type=\"application\/ld+json\" class=\"yoast-schema-graph\">{\"@context\":\"https:\/\/schema.org\",\"@graph\":[{\"@type\":\"WebPage\",\"@id\":\"https:\/\/licoresdemallorca.com\/fr\/il-etait-une-fois\/\",\"url\":\"https:\/\/licoresdemallorca.com\/fr\/il-etait-une-fois\/\",\"name\":\"Il \u00e9tait une fois - Licores de Mallorca\",\"isPartOf\":{\"@id\":\"https:\/\/licoresdemallorca.com\/fr\/#website\"},\"datePublished\":\"2022-05-27T09:28:49+00:00\",\"dateModified\":\"2023-07-04T06:59:55+00:00\",\"breadcrumb\":{\"@id\":\"https:\/\/licoresdemallorca.com\/fr\/il-etait-une-fois\/#breadcrumb\"},\"inLanguage\":\"fr-FR\",\"potentialAction\":[{\"@type\":\"ReadAction\",\"target\":[\"https:\/\/licoresdemallorca.com\/fr\/il-etait-une-fois\/\"]}]},{\"@type\":\"BreadcrumbList\",\"@id\":\"https:\/\/licoresdemallorca.com\/fr\/il-etait-une-fois\/#breadcrumb\",\"itemListElement\":[{\"@type\":\"ListItem\",\"position\":1,\"name\":\"Portada\",\"item\":\"https:\/\/licoresdemallorca.com\/fr\/\"},{\"@type\":\"ListItem\",\"position\":2,\"name\":\"Il \u00e9tait une fois\"}]},{\"@type\":\"WebSite\",\"@id\":\"https:\/\/licoresdemallorca.com\/fr\/#website\",\"url\":\"https:\/\/licoresdemallorca.com\/fr\/\",\"name\":\"Licores de Mallorca\",\"description\":\"Llimoncello de Mallorca - Ecol\u00f3gico\",\"potentialAction\":[{\"@type\":\"SearchAction\",\"target\":{\"@type\":\"EntryPoint\",\"urlTemplate\":\"https:\/\/licoresdemallorca.com\/fr\/?s={search_term_string}\"},\"query-input\":\"required name=search_term_string\"}],\"inLanguage\":\"fr-FR\"}]}<\/script>\n<!-- \/ Yoast SEO plugin. -->","yoast_head_json":{"title":"Il \u00e9tait une fois - Licores de Mallorca","robots":{"index":"index","follow":"follow","max-snippet":"max-snippet:-1","max-image-preview":"max-image-preview:large","max-video-preview":"max-video-preview:-1"},"canonical":"https:\/\/licoresdemallorca.com\/fr\/il-etait-une-fois\/","og_locale":"fr_FR","og_type":"article","og_title":"Il \u00e9tait une fois - Licores de Mallorca","og_description":"Il \u00e9tait une fois&#8230; Val\u00e9ry, Luc et Joachim Joachim, Val\u00e9ry y Luc Au c\u0153ur d&rsquo;une vall\u00e9e pleine de citronniers et","og_url":"https:\/\/licoresdemallorca.com\/fr\/il-etait-une-fois\/","og_site_name":"Licores de Mallorca","article_modified_time":"2023-07-04T06:59:55+00:00","og_image":[{"url":"https:\/\/licoresdemallorca.com\/wp-content\/uploads\/2022\/06\/Web-nosotros.jpg"}],"twitter_card":"summary_large_image","twitter_misc":{"Dur\u00e9e de lecture estim\u00e9e":"2 minutes"},"schema":{"@context":"https:\/\/schema.org","@graph":[{"@type":"WebPage","@id":"https:\/\/licoresdemallorca.com\/fr\/il-etait-une-fois\/","url":"https:\/\/licoresdemallorca.com\/fr\/il-etait-une-fois\/","name":"Il \u00e9tait une fois - Licores de Mallorca","isPartOf":{"@id":"https:\/\/licoresdemallorca.com\/fr\/#website"},"datePublished":"2022-05-27T09:28:49+00:00","dateModified":"2023-07-04T06:59:55+00:00","breadcrumb":{"@id":"https:\/\/licoresdemallorca.com\/fr\/il-etait-une-fois\/#breadcrumb"},"inLanguage":"fr-FR","potentialAction":[{"@type":"ReadAction","target":["https:\/\/licoresdemallorca.com\/fr\/il-etait-une-fois\/"]}]},{"@type":"BreadcrumbList","@id":"https:\/\/licoresdemallorca.com\/fr\/il-etait-une-fois\/#breadcrumb","itemListElement":[{"@type":"ListItem","position":1,"name":"Portada","item":"https:\/\/licoresdemallorca.com\/fr\/"},{"@type":"ListItem","position":2,"name":"Il \u00e9tait une fois"}]},{"@type":"WebSite","@id":"https:\/\/licoresdemallorca.com\/fr\/#website","url":"https:\/\/licoresdemallorca.com\/fr\/","name":"Licores de Mallorca","description":"Llimoncello de Mallorca - Ecol\u00f3gico","potentialAction":[{"@type":"SearchAction","target":{"@type":"EntryPoint","urlTemplate":"https:\/\/licoresdemallorca.com\/fr\/?s={search_term_string}"},"query-input":"required name=search_term_string"}],"inLanguage":"fr-FR"}]}},"_links":{"self":[{"href":"https:\/\/licoresdemallorca.com\/fr\/wp-json\/wp\/v2\/pages\/10541","targetHints":{"allow":["GET"]}}],"collection":[{"href":"https:\/\/licoresdemallorca.com\/fr\/wp-json\/wp\/v2\/pages"}],"about":[{"href":"https:\/\/licoresdemallorca.com\/fr\/wp-json\/wp\/v2\/types\/page"}],"author":[{"embeddable":true,"href":"https:\/\/licoresdemallorca.com\/fr\/wp-json\/wp\/v2\/users\/1"}],"replies":[{"embeddable":true,"href":"https:\/\/licoresdemallorca.com\/fr\/wp-json\/wp\/v2\/comments?post=10541"}],"version-history":[{"count":10,"href":"https:\/\/licoresdemallorca.com\/fr\/wp-json\/wp\/v2\/pages\/10541\/revisions"}],"predecessor-version":[{"id":11266,"href":"https:\/\/licoresdemallorca.com\/fr\/wp-json\/wp\/v2\/pages\/10541\/revisions\/11266"}],"wp:attachment":[{"href":"https:\/\/licoresdemallorca.com\/fr\/wp-json\/wp\/v2\/media?parent=10541"}],"curies":[{"name":"wp","href":"https:\/\/api.w.org\/{rel}","templated":true}]}}