{"id":11289,"date":"2022-05-03T10:21:52","date_gmt":"2022-05-03T10:21:52","guid":{"rendered":"https:\/\/licoresdemallorca.com\/condiciones-generales-de-venta\/"},"modified":"2024-06-14T09:31:16","modified_gmt":"2024-06-14T09:31:16","slug":"condiciones-generales-de-venta","status":"publish","type":"page","link":"https:\/\/licoresdemallorca.com\/en\/condiciones-generales-de-venta\/","title":{"rendered":"Condiciones generales de venta"},"content":{"rendered":"\t\t<div data-elementor-type=\"wp-page\" data-elementor-id=\"11289\" class=\"elementor elementor-11289 elementor-11\">\n\t\t\t\t\t\t\t\t\t<section class=\"elementor-section elementor-top-section elementor-element elementor-element-330aee95 elementor-section-boxed elementor-section-height-default elementor-section-height-default wd-section-disabled\" data-id=\"330aee95\" data-element_type=\"section\">\n\t\t\t\t\t\t<div class=\"elementor-container elementor-column-gap-default\">\n\t\t\t\t\t<div class=\"elementor-column elementor-col-100 elementor-top-column elementor-element elementor-element-6daade5c\" data-id=\"6daade5c\" data-element_type=\"column\">\n\t\t\t<div class=\"elementor-widget-wrap elementor-element-populated\">\n\t\t\t\t\t\t\t\t<div class=\"elementor-element elementor-element-869c4eb color-scheme-inherit text-left elementor-widget elementor-widget-text-editor\" data-id=\"869c4eb\" data-element_type=\"widget\" data-widget_type=\"text-editor.default\">\n\t\t\t\t<div class=\"elementor-widget-container\">\n\t\t\t<style>\/*! elementor - v3.14.0 - 26-06-2023 *\/\n.elementor-widget-text-editor.elementor-drop-cap-view-stacked .elementor-drop-cap{background-color:#69727d;color:#fff}.elementor-widget-text-editor.elementor-drop-cap-view-framed .elementor-drop-cap{color:#69727d;border:3px solid;background-color:transparent}.elementor-widget-text-editor:not(.elementor-drop-cap-view-default) .elementor-drop-cap{margin-top:8px}.elementor-widget-text-editor:not(.elementor-drop-cap-view-default) .elementor-drop-cap-letter{width:1em;height:1em}.elementor-widget-text-editor .elementor-drop-cap{float:left;text-align:center;line-height:1;font-size:50px}.elementor-widget-text-editor .elementor-drop-cap-letter{display:inline-block}<\/style>\t\t\t\t<h2>1. GENERALIDADES<\/h2>\n<p>Las presentes condiciones generales de venta regulan todas las relaciones entre la entidad ES SABONER y sus clientes. ES SABONER puede ocasionalmente modificar las cl\u00e1usulas de sus condiciones generales de venta, por lo que se aconseja estas sean le\u00eddas peri\u00f3dicamente. Estas posibles modificaciones son aplicables a partir de su publicaci\u00f3n en la p\u00e1gina web, y no podr\u00e1n aplicarse a los contratos concluidos con anterioridad. Cada compra en la p\u00e1gina web se rige por las condiciones generales aplicables en la fecha del pedido. Por lo que antes de efectuar cualquier transacci\u00f3n, el cliente manifiesta conocer y declara que acepta, sin reserva alguna, las condiciones generales desde el momento que procede a aceptar la compra. En el supuesto de que una o varias estipulaciones de las presentes condiciones generales de venta fueran declaradas nulas o de imposible cumplimiento, la validez y cumplimiento de las dem\u00e1s no se ver\u00e1n afectadas en modo alguno ni quedar\u00e1n modificadas. Los posibles da\u00f1os o menoscabos que pudieran sobrevenir a las mercanc\u00edas, una vez hayan sido puestas a disposici\u00f3n del comprador, ser\u00e1n de cuenta exclusiva del comprador, salvo casos de dolo, culpa o negligencia imputable a ES SABONER .<\/p>\n<h2>2. HACER UN PEDIDO<\/h2>\n<p>Los pedidos se realizar\u00e1n a trav\u00e9s de la p\u00e1gina web: www.netnatural.bio, que permanecer\u00e1 operativa todos los meses del a\u00f1o las 24 horas al d\u00eda.<\/p>\n<h2>3. CONFIRMACI\u00d3N DEL PEDIDO<\/h2>\n<p>Una vez realizado el pedido, ES SABONER confirmar\u00e1 el mismo a trav\u00e9s de correo electr\u00f3nico, fax o correo postal. Finaliz\u00e1ndose la venta tras la confirmaci\u00f3n. El pedido no estar\u00e1 confirmado hasta que el cliente no efect\u00fae el pago correspondiente. ES SABONER se reserva la posibilidad de no confirmar alg\u00fan pedido por causas tasadas como son el desabastecimiento del producto, imposibilidad de entrega o problemas con los pedidos.<\/p>\n<h2>4. ENTREGA DE LOS PEDIDOS<\/h2>\n<p>Las entregas de los pedidos se realizar\u00e1n en el lugar indicado en el momento de efectuar el pedido. Los productos comprados en ES SABONER ser\u00e1n enviados a toda Espa\u00f1a as\u00ed como tambi\u00e9n a pa\u00edses de Europa. Al efectuar el pedido, el cliente se compromete a firmar la hoja de recepci\u00f3n presentada por la persona que hace la entrega, donde podr\u00e1 reflejar las observaciones que considere oportunas. En caso de que los productos est\u00e9n da\u00f1ados, o no se haya entregado el pedido en su totalidad, el cliente dispone del plazo de dos d\u00edas para proceder a la oportuna reclamaci\u00f3n v\u00eda correo electr\u00f3nico, correo postal a JAB\u00d3N DE MALLORCA Av. d\u2019Asturies n\u00ba28 07100 S\u00f3ller. Mallorca. Espa\u00f1a.<\/p>\n<h2>5. PLAZOS DE ENTREGA<\/h2>\n<p>Las entregas se realizar\u00e1n en los plazos indicados en la oferta. Estos plazos se entienden pactados para situaciones de normalidad, por lo que ES SABONER declina ser responsable por retrasos en las entregas debidos a causas de fuerza mayor y a cualesquiera otros hechos que est\u00e9n razonadamente fuera de control de ES SABONER. La demora en la entrega de la mercanc\u00eda por cualquiera de las causas citadas en el p\u00e1rrafo anterior no dar\u00e1 lugar a indemnizaci\u00f3n alguna a cargo de ES SABONER, ni facultar\u00e1 al comprador para resolver el contrato de compraventa.<\/p>\n<h2>6. PRECIOS<\/h2>\n<p>Los precios de venta se indican en euros e incluyen IVA. Los gastos de env\u00edo, que se a\u00f1adir\u00e1n al total del importe de los productos seleccionados, corren por cuenta del comprador. Dichos gastos ser\u00e1n informados antes de confirmar el pedido y finalizar el proceso de compra. ES SABONER se reserva el derecho de modificar sus precios en cualquier momento. Pese a ello, se compromete a aplicar los precios en vigor indicados en la p\u00e1gina web en el momento de la realizaci\u00f3n de su pedido.<\/p>\n<h2>7. MODALIDAD DE PAGO<\/h2>\n<p>El pago podr\u00e1 ser hecho de las siguientes formas: 1.- Tarjeta de cr\u00e9dito o d\u00e9bito (Master card, Visa o Visa electr\u00f3n) con Stripe. De esta forma su pedido no ser\u00e1 tramitado hasta que el pago haya sido autorizado por su banco o caja. 2.- Transferencia bancaria a la cuenta que se indica en la realizaci\u00f3n del pedido. El concepto de la transferencia deber\u00e1 contener la referencia del pago que se le indicar\u00e1 al realizar el pedido. 3.- PayPal.<\/p>\n<p><strong>8. INFORMACI\u00d3N SOBRE LOS PRODUCTOS <\/strong><\/p>\n<p>ES SABONER trabaja con materias primas procedentes siguiendo un riguroso procedimiento de control de calidad. Los productos de ES SABONER est\u00e1n elaborados seg\u00fan las normas europeas vigentes en la materia.<\/p>\n<h2>9. DISPONIBILIDAD<\/h2>\n<p>Los pedidos ser\u00e1n enviados dentro de los l\u00edmites de stock disponibles. En caso de no tener el producto objeto de pedido en stock, NETNATURAL remitir\u00e1 un correo electr\u00f3nico al cliente para comunicarle el plazo en el que le podr\u00e1 ser enviado su pedido. En el caso de no haber disponibilidad en stock y el cliente no estar conforme con el plazo que le fue comunicado, \u00e9ste tiene derecho a solicitar la devoluci\u00f3n de los importes satisfechos, que se realizar\u00e1 en el plazo m\u00e1ximo de 10 d\u00edas desde la solicitud de devoluci\u00f3n.<\/p>\n<h2>10. GARANT\u00cdA<\/h2>\n<p>El cliente es beneficiario de la garant\u00eda legal por posibles vicios ocultos en los productos comprados a ES SABONER . La responsabilidad de ES SABONER se limita a la obligaci\u00f3n de reponer, sin cargo alguno, los productos defectuosos. La garant\u00eda no ser\u00e1 v\u00e1lida en el supuesto en que los da\u00f1os sean producidos como consecuencia de falta de uso adecuado.<\/p>\n<h2>11. DEVOLUCIONES<\/h2>\n<p>S\u00f3lo se aceptar\u00e1n devoluciones en los casos en que el producto presente un aspecto o estado deteriorado aceptando la retirada de la mercanc\u00eda a cargo de ES SABONER, a trav\u00e9s de la empresa de transporte designada por la misma, y dar\u00e1 dos opciones al comprador: \u2013 Sustituir el producto devuelto por otro id\u00e9ntico. \u2013 Reembolso del importe del art\u00edculo objeto de devoluci\u00f3n. 12. ANULACIONES DE PEDIDO En ning\u00fan caso se admitir\u00e1 la anulaci\u00f3n de pedido en los casos de fabricaci\u00f3n bajo demanda. La anulaci\u00f3n de un pedido requerir\u00e1 conformidad por escrito de ES SABONER, y en todo caso, la indemnizaci\u00f3n m\u00ednima a percibir por NETNATURAL ser\u00e1 un 25% del importe del pedido.<\/p>\n<h2>13. LITIGIOS Y RESPONSABILIDADES<\/h2>\n<p>Ser\u00e1n competentes para resolver cualquier cuesti\u00f3n o litigio que pueda surgir entre las partes respecto a la interpretaci\u00f3n o cumplimiento del presente contrato, los Tribunales que correspondan por ley.<\/p>\t\t\t\t\t\t<\/div>\n\t\t\t\t<\/div>\n\t\t\t\t\t<\/div>\n\t\t<\/div>\n\t\t\t\t\t\t\t<\/div>\n\t\t<\/section>\n\t\t\t\t\t\t\t<\/div>\n\t\t","protected":false},"excerpt":{"rendered":"<p>1. GENERALIDADES Las presentes condiciones generales de venta regulan todas las relaciones entre la entidad ES SABONER y sus clientes.<\/p>\n","protected":false},"author":1,"featured_media":0,"parent":0,"menu_order":0,"comment_status":"closed","ping_status":"closed","template":"elementor_header_footer","meta":{"footnotes":""},"class_list":["post-11289","page","type-page","status-publish","hentry"],"yoast_head":"<!-- This site is optimized with the Yoast SEO plugin v20.10 - https:\/\/yoast.com\/wordpress\/plugins\/seo\/ -->\n<title>Condiciones generales de venta - Licores de Mallorca<\/title>\n<meta name=\"robots\" content=\"index, follow, max-snippet:-1, max-image-preview:large, max-video-preview:-1\" \/>\n<link rel=\"canonical\" href=\"https:\/\/licoresdemallorca.com\/en\/condiciones-generales-de-venta\/\" \/>\n<meta property=\"og:locale\" content=\"en_US\" \/>\n<meta property=\"og:type\" content=\"article\" \/>\n<meta property=\"og:title\" content=\"Condiciones generales de venta - Licores de Mallorca\" \/>\n<meta property=\"og:description\" content=\"1. GENERALIDADES Las presentes condiciones generales de venta regulan todas las relaciones entre la entidad ES SABONER y sus clientes.\" \/>\n<meta property=\"og:url\" content=\"https:\/\/licoresdemallorca.com\/en\/condiciones-generales-de-venta\/\" \/>\n<meta property=\"og:site_name\" content=\"Licores de Mallorca\" \/>\n<meta property=\"article:modified_time\" content=\"2024-06-14T09:31:16+00:00\" \/>\n<meta name=\"twitter:card\" content=\"summary_large_image\" \/>\n<meta name=\"twitter:label1\" content=\"Est. reading time\" \/>\n\t<meta name=\"twitter:data1\" content=\"5 minutes\" \/>\n<script type=\"application\/ld+json\" class=\"yoast-schema-graph\">{\"@context\":\"https:\/\/schema.org\",\"@graph\":[{\"@type\":\"WebPage\",\"@id\":\"https:\/\/licoresdemallorca.com\/en\/condiciones-generales-de-venta\/\",\"url\":\"https:\/\/licoresdemallorca.com\/en\/condiciones-generales-de-venta\/\",\"name\":\"Condiciones generales de venta - Licores de Mallorca\",\"isPartOf\":{\"@id\":\"https:\/\/licoresdemallorca.com\/en\/#website\"},\"datePublished\":\"2022-05-03T10:21:52+00:00\",\"dateModified\":\"2024-06-14T09:31:16+00:00\",\"breadcrumb\":{\"@id\":\"https:\/\/licoresdemallorca.com\/en\/condiciones-generales-de-venta\/#breadcrumb\"},\"inLanguage\":\"en-US\",\"potentialAction\":[{\"@type\":\"ReadAction\",\"target\":[\"https:\/\/licoresdemallorca.com\/en\/condiciones-generales-de-venta\/\"]}]},{\"@type\":\"BreadcrumbList\",\"@id\":\"https:\/\/licoresdemallorca.com\/en\/condiciones-generales-de-venta\/#breadcrumb\",\"itemListElement\":[{\"@type\":\"ListItem\",\"position\":1,\"name\":\"Portada\",\"item\":\"https:\/\/licoresdemallorca.com\/en\/\"},{\"@type\":\"ListItem\",\"position\":2,\"name\":\"Condiciones generales de venta\"}]},{\"@type\":\"WebSite\",\"@id\":\"https:\/\/licoresdemallorca.com\/en\/#website\",\"url\":\"https:\/\/licoresdemallorca.com\/en\/\",\"name\":\"Licores de Mallorca\",\"description\":\"Llimoncello de Mallorca - Ecol\u00f3gico\",\"potentialAction\":[{\"@type\":\"SearchAction\",\"target\":{\"@type\":\"EntryPoint\",\"urlTemplate\":\"https:\/\/licoresdemallorca.com\/en\/?s={search_term_string}\"},\"query-input\":\"required name=search_term_string\"}],\"inLanguage\":\"en-US\"}]}<\/script>\n<!-- \/ Yoast SEO plugin. -->","yoast_head_json":{"title":"Condiciones generales de venta - Licores de Mallorca","robots":{"index":"index","follow":"follow","max-snippet":"max-snippet:-1","max-image-preview":"max-image-preview:large","max-video-preview":"max-video-preview:-1"},"canonical":"https:\/\/licoresdemallorca.com\/en\/condiciones-generales-de-venta\/","og_locale":"en_US","og_type":"article","og_title":"Condiciones generales de venta - Licores de Mallorca","og_description":"1. GENERALIDADES Las presentes condiciones generales de venta regulan todas las relaciones entre la entidad ES SABONER y sus clientes.","og_url":"https:\/\/licoresdemallorca.com\/en\/condiciones-generales-de-venta\/","og_site_name":"Licores de Mallorca","article_modified_time":"2024-06-14T09:31:16+00:00","twitter_card":"summary_large_image","twitter_misc":{"Est. reading time":"5 minutes"},"schema":{"@context":"https:\/\/schema.org","@graph":[{"@type":"WebPage","@id":"https:\/\/licoresdemallorca.com\/en\/condiciones-generales-de-venta\/","url":"https:\/\/licoresdemallorca.com\/en\/condiciones-generales-de-venta\/","name":"Condiciones generales de venta - Licores de Mallorca","isPartOf":{"@id":"https:\/\/licoresdemallorca.com\/en\/#website"},"datePublished":"2022-05-03T10:21:52+00:00","dateModified":"2024-06-14T09:31:16+00:00","breadcrumb":{"@id":"https:\/\/licoresdemallorca.com\/en\/condiciones-generales-de-venta\/#breadcrumb"},"inLanguage":"en-US","potentialAction":[{"@type":"ReadAction","target":["https:\/\/licoresdemallorca.com\/en\/condiciones-generales-de-venta\/"]}]},{"@type":"BreadcrumbList","@id":"https:\/\/licoresdemallorca.com\/en\/condiciones-generales-de-venta\/#breadcrumb","itemListElement":[{"@type":"ListItem","position":1,"name":"Portada","item":"https:\/\/licoresdemallorca.com\/en\/"},{"@type":"ListItem","position":2,"name":"Condiciones generales de venta"}]},{"@type":"WebSite","@id":"https:\/\/licoresdemallorca.com\/en\/#website","url":"https:\/\/licoresdemallorca.com\/en\/","name":"Licores de Mallorca","description":"Llimoncello de Mallorca - Ecol\u00f3gico","potentialAction":[{"@type":"SearchAction","target":{"@type":"EntryPoint","urlTemplate":"https:\/\/licoresdemallorca.com\/en\/?s={search_term_string}"},"query-input":"required name=search_term_string"}],"inLanguage":"en-US"}]}},"_links":{"self":[{"href":"https:\/\/licoresdemallorca.com\/en\/wp-json\/wp\/v2\/pages\/11289","targetHints":{"allow":["GET"]}}],"collection":[{"href":"https:\/\/licoresdemallorca.com\/en\/wp-json\/wp\/v2\/pages"}],"about":[{"href":"https:\/\/licoresdemallorca.com\/en\/wp-json\/wp\/v2\/types\/page"}],"author":[{"embeddable":true,"href":"https:\/\/licoresdemallorca.com\/en\/wp-json\/wp\/v2\/users\/1"}],"replies":[{"embeddable":true,"href":"https:\/\/licoresdemallorca.com\/en\/wp-json\/wp\/v2\/comments?post=11289"}],"version-history":[{"count":1,"href":"https:\/\/licoresdemallorca.com\/en\/wp-json\/wp\/v2\/pages\/11289\/revisions"}],"predecessor-version":[{"id":11462,"href":"https:\/\/licoresdemallorca.com\/en\/wp-json\/wp\/v2\/pages\/11289\/revisions\/11462"}],"wp:attachment":[{"href":"https:\/\/licoresdemallorca.com\/en\/wp-json\/wp\/v2\/media?parent=11289"}],"curies":[{"name":"wp","href":"https:\/\/api.w.org\/{rel}","templated":true}]}}